{"id":100,"date":"2026-01-13T11:21:35","date_gmt":"2026-01-13T11:21:35","guid":{"rendered":"https:\/\/cranky-mendeleev.217-170-194-30.plesk.page\/index.php\/miljokartlegging\/"},"modified":"2026-01-13T11:21:54","modified_gmt":"2026-01-13T11:21:54","slug":"miljokartlegging","status":"publish","type":"page","link":"https:\/\/cranky-mendeleev.217-170-194-30.plesk.page\/index.php\/miljokartlegging\/","title":{"rendered":"Milj\u00f8kartlegging"},"content":{"rendered":"\t\t<div data-elementor-type=\"wp-page\" data-elementor-id=\"100\" class=\"elementor elementor-100\" data-elementor-post-type=\"page\">\n\t\t\t\t\t\t<header class=\"elementor-section elementor-top-section elementor-element elementor-element-4bd11f1 elementor-section-full_width elementor-section-height-min-height elementor-section-stretched elementor-section-height-default elementor-section-items-middle\" data-id=\"4bd11f1\" data-element_type=\"section\" data-settings=\"{&quot;stretch_section&quot;:&quot;section-stretched&quot;,&quot;background_background&quot;:&quot;classic&quot;,&quot;shape_divider_bottom&quot;:&quot;arrow&quot;,&quot;shape_divider_bottom_negative&quot;:&quot;yes&quot;}\">\n\t\t\t\t\t\t\t<div class=\"elementor-background-overlay\"><\/div>\n\t\t\t\t\t\t<div class=\"elementor-shape elementor-shape-bottom\" aria-hidden=\"true\" data-negative=\"true\">\n\t\t\t<svg xmlns=\"http:\/\/www.w3.org\/2000\/svg\" viewBox=\"0 0 700 10\" preserveAspectRatio=\"none\">\n\t<path class=\"elementor-shape-fill\" d=\"M360 0L350 9.9 340 0 0 0 0 10 700 10 700 0\"\/>\n<\/svg>\t\t<\/div>\n\t\t\t\t\t<div class=\"elementor-container elementor-column-gap-no\">\n\t\t\t\t\t<div class=\"elementor-column elementor-col-100 elementor-top-column elementor-element elementor-element-5154c58e\" data-id=\"5154c58e\" data-element_type=\"column\" data-settings=\"{&quot;background_background&quot;:&quot;classic&quot;}\">\n\t\t\t<div class=\"elementor-widget-wrap elementor-element-populated\">\n\t\t\t\t\t\t<div class=\"elementor-element elementor-element-b341649 elementor-widget elementor-widget-heading\" data-id=\"b341649\" data-element_type=\"widget\" data-widget_type=\"heading.default\">\n\t\t\t\t\t<span class=\"elementor-heading-title elementor-size-large\">V\u00e5re Tjenester<\/span>\t\t\t\t<\/div>\n\t\t\t\t<div class=\"elementor-element elementor-element-7f88fdc3 elementor-widget elementor-widget-heading\" data-id=\"7f88fdc3\" data-element_type=\"widget\" data-widget_type=\"heading.default\">\n\t\t\t\t\t<h1 class=\"elementor-heading-title elementor-size-default\">Milj\u00f8kartlegging<\/h1>\t\t\t\t<\/div>\n\t\t\t\t\t<\/div>\n\t\t<\/div>\n\t\t\t\t\t<\/div>\n\t\t<\/header>\n\t\t\t\t<section class=\"elementor-section elementor-top-section elementor-element elementor-element-aeeca58 elementor-section-stretched elementor-section-boxed elementor-section-height-default elementor-section-height-default\" data-id=\"aeeca58\" data-element_type=\"section\" data-settings=\"{&quot;stretch_section&quot;:&quot;section-stretched&quot;,&quot;background_background&quot;:&quot;classic&quot;,&quot;shape_divider_top&quot;:&quot;arrow&quot;}\">\n\t\t\t\t\t<div class=\"elementor-shape elementor-shape-top\" aria-hidden=\"true\" data-negative=\"false\">\n\t\t\t<svg xmlns=\"http:\/\/www.w3.org\/2000\/svg\" viewBox=\"0 0 700 10\" preserveAspectRatio=\"none\">\n\t<path class=\"elementor-shape-fill\" d=\"M350,10L340,0h20L350,10z\"\/>\n<\/svg>\t\t<\/div>\n\t\t\t\t\t<div class=\"elementor-container elementor-column-gap-default\">\n\t\t\t\t\t<div class=\"elementor-column elementor-col-100 elementor-top-column elementor-element elementor-element-29112b41\" data-id=\"29112b41\" data-element_type=\"column\">\n\t\t\t<div class=\"elementor-widget-wrap elementor-element-populated\">\n\t\t\t\t\t\t<div class=\"elementor-element elementor-element-40da9f2b elementor-widget elementor-widget-heading\" data-id=\"40da9f2b\" data-element_type=\"widget\" data-widget_type=\"heading.default\">\n\t\t\t\t\t<h2 class=\"elementor-heading-title elementor-size-default\">Har du behov for milj\u00f8kartlegging?<\/h2>\t\t\t\t<\/div>\n\t\t\t\t<div class=\"elementor-element elementor-element-7d208323 elementor-widget elementor-widget-text-editor\" data-id=\"7d208323\" data-element_type=\"widget\" data-widget_type=\"text-editor.default\">\n\t\t\t\t\t\t\t\t\t<p>Vi kartlegger bygningsmassen din.\u00a0<\/p>\t\t\t\t\t\t\t\t<\/div>\n\t\t\t\t<div class=\"elementor-element elementor-element-4d0625e0 elementor-widget-divider--view-line elementor-widget elementor-widget-divider\" data-id=\"4d0625e0\" data-element_type=\"widget\" data-widget_type=\"divider.default\">\n\t\t\t\t\t\t\t<div class=\"elementor-divider\">\n\t\t\t<span class=\"elementor-divider-separator\">\n\t\t\t\t\t\t<\/span>\n\t\t<\/div>\n\t\t\t\t\t\t<\/div>\n\t\t\t\t\t<\/div>\n\t\t<\/div>\n\t\t\t\t\t<\/div>\n\t\t<\/section>\n\t\t\t\t<section class=\"elementor-section elementor-top-section elementor-element elementor-element-53fd6dbd elementor-section-stretched elementor-section-boxed elementor-section-height-default elementor-section-height-default\" data-id=\"53fd6dbd\" data-element_type=\"section\" data-settings=\"{&quot;stretch_section&quot;:&quot;section-stretched&quot;,&quot;background_background&quot;:&quot;classic&quot;}\">\n\t\t\t\t\t\t<div class=\"elementor-container elementor-column-gap-default\">\n\t\t\t\t\t<div class=\"elementor-column elementor-col-50 elementor-top-column elementor-element elementor-element-3c19da4b\" data-id=\"3c19da4b\" data-element_type=\"column\">\n\t\t\t<div class=\"elementor-widget-wrap elementor-element-populated\">\n\t\t\t\t\t\t<div class=\"elementor-element elementor-element-16a5ef1e elementor-widget elementor-widget-heading\" data-id=\"16a5ef1e\" data-element_type=\"widget\" data-widget_type=\"heading.default\">\n\t\t\t\t\t<h3 class=\"elementor-heading-title elementor-size-default\">Vi utf\u00f8rer milj\u00f8kartlegging<\/h3>\t\t\t\t<\/div>\n\t\t\t\t<div class=\"elementor-element elementor-element-7edd20a3 elementor-widget elementor-widget-text-editor\" data-id=\"7edd20a3\" data-element_type=\"widget\" data-widget_type=\"text-editor.default\">\n\t\t\t\t\t\t\t\t\t<p>Vi utf\u00f8rer milj\u00f8 kartlegging og pr\u00f8vetaking av eksisterende bygg, for prosjektering og utarbeidelse av milj\u00f8sanerings beskrivelse for alle tiltak.\u00a0<\/p><p>Iht. kravene i TEK 17 \u00a79-7 skal alle eksisterende byggverk kartlegges for \u00e5 avdekke helse- og milj\u00f8skadelig avfall, for alle tiltak som er nevnt i \u00a79-6 (1), bokstav b-d<\/p><p>Det m\u00e5 alltid gjennomf\u00f8res en slik kartlegging av bygg, dersom tiltaket medf\u00f8rer en vesentlig endring, herunder fasadeendring, vesentlig reparasjon eller rivning og omfatter mer enn 100m\u00b2 BRA av bygningen eller tiltaket genererer mer enn 10 tonn med bygg &#8211; og rivningsavfall.\u00a0<span style=\"color: var( --e-global-color-text ); letter-spacing: 0.1px;\">\u00a0<\/span><\/p><p>H2 Milj\u00f8 har erfaring innen milj\u00f8kartlegging, og hjelper deg med \u00e5 kartlegge ditt bygg.\u00a0<\/p>\t\t\t\t\t\t\t\t<\/div>\n\t\t\t\t<div class=\"elementor-element elementor-element-4f916463 elementor-mobile-align-center elementor-widget elementor-widget-button\" data-id=\"4f916463\" data-element_type=\"widget\" data-widget_type=\"button.default\">\n\t\t\t\t\t\t\t\t\t\t<a class=\"elementor-button elementor-button-link elementor-size-sm\" href=\"\/kontakt-oss\">\n\t\t\t\t\t\t<span class=\"elementor-button-content-wrapper\">\n\t\t\t\t\t\t\t\t\t<span class=\"elementor-button-text\">Kontakt oss<\/span>\n\t\t\t\t\t<\/span>\n\t\t\t\t\t<\/a>\n\t\t\t\t\t\t\t\t<\/div>\n\t\t\t\t\t<\/div>\n\t\t<\/div>\n\t\t\t\t<div class=\"elementor-column elementor-col-50 elementor-top-column elementor-element elementor-element-fd30338\" data-id=\"fd30338\" data-element_type=\"column\" data-settings=\"{&quot;background_background&quot;:&quot;classic&quot;}\">\n\t\t\t<div class=\"elementor-widget-wrap elementor-element-populated\">\n\t\t\t\t\t\t<div class=\"elementor-element elementor-element-76187e17 elementor-widget elementor-widget-spacer\" data-id=\"76187e17\" data-element_type=\"widget\" data-widget_type=\"spacer.default\">\n\t\t\t\t\t\t\t<div class=\"elementor-spacer\">\n\t\t\t<div class=\"elementor-spacer-inner\"><\/div>\n\t\t<\/div>\n\t\t\t\t\t\t<\/div>\n\t\t\t\t\t<\/div>\n\t\t<\/div>\n\t\t\t\t\t<\/div>\n\t\t<\/section>\n\t\t\t\t<\/div>\n\t\t","protected":false},"excerpt":{"rendered":"<p>V\u00e5re Tjenester Milj\u00f8kartlegging Har du behov for milj\u00f8kartlegging? Vi kartlegger bygningsmassen din.\u00a0 Vi utf\u00f8rer milj\u00f8kartlegging Vi utf\u00f8rer milj\u00f8 kartlegging og pr\u00f8vetaking av eksisterende bygg, for prosjektering og utarbeidelse av milj\u00f8sanerings beskrivelse for alle tiltak.\u00a0 Iht. kravene i TEK 17 \u00a79-7 skal alle eksisterende byggverk kartlegges for \u00e5 avdekke helse- og milj\u00f8skadelig avfall, for alle tiltak [&hellip;]<\/p>\n","protected":false},"author":1,"featured_media":0,"parent":0,"menu_order":0,"comment_status":"closed","ping_status":"closed","template":"","meta":{"footnotes":""},"class_list":["post-100","page","type-page","status-publish","hentry"],"yoast_head":"<!-- This site is optimized with the Yoast SEO plugin v26.7 - https:\/\/yoast.com\/wordpress\/plugins\/seo\/ -->\n<title>Milj\u00f8kartlegging - H2 Orka<\/title>\n<meta name=\"robots\" content=\"index, follow, max-snippet:-1, max-image-preview:large, max-video-preview:-1\" \/>\n<link rel=\"canonical\" href=\"https:\/\/cranky-mendeleev.217-170-194-30.plesk.page\/index.php\/miljokartlegging\/\" \/>\n<meta property=\"og:locale\" content=\"nb_NO\" \/>\n<meta property=\"og:type\" content=\"article\" \/>\n<meta property=\"og:title\" content=\"Milj\u00f8kartlegging - H2 Orka\" \/>\n<meta property=\"og:description\" content=\"V\u00e5re Tjenester Milj\u00f8kartlegging Har du behov for milj\u00f8kartlegging? Vi kartlegger bygningsmassen din.\u00a0 Vi utf\u00f8rer milj\u00f8kartlegging Vi utf\u00f8rer milj\u00f8 kartlegging og pr\u00f8vetaking av eksisterende bygg, for prosjektering og utarbeidelse av milj\u00f8sanerings beskrivelse for alle tiltak.\u00a0 Iht. kravene i TEK 17 \u00a79-7 skal alle eksisterende byggverk kartlegges for \u00e5 avdekke helse- og milj\u00f8skadelig avfall, for alle tiltak [&hellip;]\" \/>\n<meta property=\"og:url\" content=\"https:\/\/cranky-mendeleev.217-170-194-30.plesk.page\/index.php\/miljokartlegging\/\" \/>\n<meta property=\"og:site_name\" content=\"H2 Orka\" \/>\n<meta property=\"article:modified_time\" content=\"2026-01-13T11:21:54+00:00\" \/>\n<meta name=\"twitter:card\" content=\"summary_large_image\" \/>\n<meta name=\"twitter:label1\" content=\"Ansl. lesetid\" \/>\n\t<meta name=\"twitter:data1\" content=\"1 minutt\" \/>\n<script type=\"application\/ld+json\" class=\"yoast-schema-graph\">{\"@context\":\"https:\/\/schema.org\",\"@graph\":[{\"@type\":\"WebPage\",\"@id\":\"https:\/\/cranky-mendeleev.217-170-194-30.plesk.page\/index.php\/miljokartlegging\/\",\"url\":\"https:\/\/cranky-mendeleev.217-170-194-30.plesk.page\/index.php\/miljokartlegging\/\",\"name\":\"Milj\u00f8kartlegging - H2 Orka\",\"isPartOf\":{\"@id\":\"https:\/\/cranky-mendeleev.217-170-194-30.plesk.page\/#website\"},\"datePublished\":\"2026-01-13T11:21:35+00:00\",\"dateModified\":\"2026-01-13T11:21:54+00:00\",\"breadcrumb\":{\"@id\":\"https:\/\/cranky-mendeleev.217-170-194-30.plesk.page\/index.php\/miljokartlegging\/#breadcrumb\"},\"inLanguage\":\"nb-NO\",\"potentialAction\":[{\"@type\":\"ReadAction\",\"target\":[\"https:\/\/cranky-mendeleev.217-170-194-30.plesk.page\/index.php\/miljokartlegging\/\"]}]},{\"@type\":\"BreadcrumbList\",\"@id\":\"https:\/\/cranky-mendeleev.217-170-194-30.plesk.page\/index.php\/miljokartlegging\/#breadcrumb\",\"itemListElement\":[{\"@type\":\"ListItem\",\"position\":1,\"name\":\"Hjem\",\"item\":\"https:\/\/cranky-mendeleev.217-170-194-30.plesk.page\/\"},{\"@type\":\"ListItem\",\"position\":2,\"name\":\"Milj\u00f8kartlegging\"}]},{\"@type\":\"WebSite\",\"@id\":\"https:\/\/cranky-mendeleev.217-170-194-30.plesk.page\/#website\",\"url\":\"https:\/\/cranky-mendeleev.217-170-194-30.plesk.page\/\",\"name\":\"H2 Orka\",\"description\":\"\",\"potentialAction\":[{\"@type\":\"SearchAction\",\"target\":{\"@type\":\"EntryPoint\",\"urlTemplate\":\"https:\/\/cranky-mendeleev.217-170-194-30.plesk.page\/?s={search_term_string}\"},\"query-input\":{\"@type\":\"PropertyValueSpecification\",\"valueRequired\":true,\"valueName\":\"search_term_string\"}}],\"inLanguage\":\"nb-NO\"}]}<\/script>\n<!-- \/ Yoast SEO plugin. -->","yoast_head_json":{"title":"Milj\u00f8kartlegging - H2 Orka","robots":{"index":"index","follow":"follow","max-snippet":"max-snippet:-1","max-image-preview":"max-image-preview:large","max-video-preview":"max-video-preview:-1"},"canonical":"https:\/\/cranky-mendeleev.217-170-194-30.plesk.page\/index.php\/miljokartlegging\/","og_locale":"nb_NO","og_type":"article","og_title":"Milj\u00f8kartlegging - H2 Orka","og_description":"V\u00e5re Tjenester Milj\u00f8kartlegging Har du behov for milj\u00f8kartlegging? Vi kartlegger bygningsmassen din.\u00a0 Vi utf\u00f8rer milj\u00f8kartlegging Vi utf\u00f8rer milj\u00f8 kartlegging og pr\u00f8vetaking av eksisterende bygg, for prosjektering og utarbeidelse av milj\u00f8sanerings beskrivelse for alle tiltak.\u00a0 Iht. kravene i TEK 17 \u00a79-7 skal alle eksisterende byggverk kartlegges for \u00e5 avdekke helse- og milj\u00f8skadelig avfall, for alle tiltak [&hellip;]","og_url":"https:\/\/cranky-mendeleev.217-170-194-30.plesk.page\/index.php\/miljokartlegging\/","og_site_name":"H2 Orka","article_modified_time":"2026-01-13T11:21:54+00:00","twitter_card":"summary_large_image","twitter_misc":{"Ansl. lesetid":"1 minutt"},"schema":{"@context":"https:\/\/schema.org","@graph":[{"@type":"WebPage","@id":"https:\/\/cranky-mendeleev.217-170-194-30.plesk.page\/index.php\/miljokartlegging\/","url":"https:\/\/cranky-mendeleev.217-170-194-30.plesk.page\/index.php\/miljokartlegging\/","name":"Milj\u00f8kartlegging - H2 Orka","isPartOf":{"@id":"https:\/\/cranky-mendeleev.217-170-194-30.plesk.page\/#website"},"datePublished":"2026-01-13T11:21:35+00:00","dateModified":"2026-01-13T11:21:54+00:00","breadcrumb":{"@id":"https:\/\/cranky-mendeleev.217-170-194-30.plesk.page\/index.php\/miljokartlegging\/#breadcrumb"},"inLanguage":"nb-NO","potentialAction":[{"@type":"ReadAction","target":["https:\/\/cranky-mendeleev.217-170-194-30.plesk.page\/index.php\/miljokartlegging\/"]}]},{"@type":"BreadcrumbList","@id":"https:\/\/cranky-mendeleev.217-170-194-30.plesk.page\/index.php\/miljokartlegging\/#breadcrumb","itemListElement":[{"@type":"ListItem","position":1,"name":"Hjem","item":"https:\/\/cranky-mendeleev.217-170-194-30.plesk.page\/"},{"@type":"ListItem","position":2,"name":"Milj\u00f8kartlegging"}]},{"@type":"WebSite","@id":"https:\/\/cranky-mendeleev.217-170-194-30.plesk.page\/#website","url":"https:\/\/cranky-mendeleev.217-170-194-30.plesk.page\/","name":"H2 Orka","description":"","potentialAction":[{"@type":"SearchAction","target":{"@type":"EntryPoint","urlTemplate":"https:\/\/cranky-mendeleev.217-170-194-30.plesk.page\/?s={search_term_string}"},"query-input":{"@type":"PropertyValueSpecification","valueRequired":true,"valueName":"search_term_string"}}],"inLanguage":"nb-NO"}]}},"_links":{"self":[{"href":"https:\/\/cranky-mendeleev.217-170-194-30.plesk.page\/index.php\/wp-json\/wp\/v2\/pages\/100","targetHints":{"allow":["GET"]}}],"collection":[{"href":"https:\/\/cranky-mendeleev.217-170-194-30.plesk.page\/index.php\/wp-json\/wp\/v2\/pages"}],"about":[{"href":"https:\/\/cranky-mendeleev.217-170-194-30.plesk.page\/index.php\/wp-json\/wp\/v2\/types\/page"}],"author":[{"embeddable":true,"href":"https:\/\/cranky-mendeleev.217-170-194-30.plesk.page\/index.php\/wp-json\/wp\/v2\/users\/1"}],"replies":[{"embeddable":true,"href":"https:\/\/cranky-mendeleev.217-170-194-30.plesk.page\/index.php\/wp-json\/wp\/v2\/comments?post=100"}],"version-history":[{"count":4,"href":"https:\/\/cranky-mendeleev.217-170-194-30.plesk.page\/index.php\/wp-json\/wp\/v2\/pages\/100\/revisions"}],"predecessor-version":[{"id":193,"href":"https:\/\/cranky-mendeleev.217-170-194-30.plesk.page\/index.php\/wp-json\/wp\/v2\/pages\/100\/revisions\/193"}],"wp:attachment":[{"href":"https:\/\/cranky-mendeleev.217-170-194-30.plesk.page\/index.php\/wp-json\/wp\/v2\/media?parent=100"}],"curies":[{"name":"wp","href":"https:\/\/api.w.org\/{rel}","templated":true}]}}