{"id":110,"date":"2026-01-13T11:21:36","date_gmt":"2026-01-13T11:21:36","guid":{"rendered":"https:\/\/cranky-mendeleev.217-170-194-30.plesk.page\/index.php\/riving\/"},"modified":"2026-01-13T11:21:54","modified_gmt":"2026-01-13T11:21:54","slug":"riving","status":"publish","type":"page","link":"https:\/\/cranky-mendeleev.217-170-194-30.plesk.page\/index.php\/riving\/","title":{"rendered":"Riving"},"content":{"rendered":"\t\t<div data-elementor-type=\"wp-page\" data-elementor-id=\"110\" class=\"elementor elementor-110\" data-elementor-post-type=\"page\">\n\t\t\t\t\t\t<header class=\"elementor-section elementor-top-section elementor-element elementor-element-d5b4b8c elementor-section-full_width elementor-section-height-min-height elementor-section-stretched elementor-section-height-default elementor-section-items-middle\" data-id=\"d5b4b8c\" data-element_type=\"section\" data-settings=\"{&quot;stretch_section&quot;:&quot;section-stretched&quot;,&quot;background_background&quot;:&quot;classic&quot;,&quot;shape_divider_bottom&quot;:&quot;arrow&quot;,&quot;shape_divider_bottom_negative&quot;:&quot;yes&quot;}\">\n\t\t\t\t\t\t\t<div class=\"elementor-background-overlay\"><\/div>\n\t\t\t\t\t\t<div class=\"elementor-shape elementor-shape-bottom\" aria-hidden=\"true\" data-negative=\"true\">\n\t\t\t<svg xmlns=\"http:\/\/www.w3.org\/2000\/svg\" viewBox=\"0 0 700 10\" preserveAspectRatio=\"none\">\n\t<path class=\"elementor-shape-fill\" d=\"M360 0L350 9.9 340 0 0 0 0 10 700 10 700 0\"\/>\n<\/svg>\t\t<\/div>\n\t\t\t\t\t<div class=\"elementor-container elementor-column-gap-no\">\n\t\t\t\t\t<div class=\"elementor-column elementor-col-100 elementor-top-column elementor-element elementor-element-a94f2a4\" data-id=\"a94f2a4\" data-element_type=\"column\" data-settings=\"{&quot;background_background&quot;:&quot;classic&quot;}\">\n\t\t\t<div class=\"elementor-widget-wrap elementor-element-populated\">\n\t\t\t\t\t\t<div class=\"elementor-element elementor-element-4bdaa090 elementor-widget elementor-widget-heading\" data-id=\"4bdaa090\" data-element_type=\"widget\" data-widget_type=\"heading.default\">\n\t\t\t\t\t<span class=\"elementor-heading-title elementor-size-large\">V\u00e5re Tjenester<\/span>\t\t\t\t<\/div>\n\t\t\t\t<div class=\"elementor-element elementor-element-256f8624 elementor-widget elementor-widget-heading\" data-id=\"256f8624\" data-element_type=\"widget\" data-widget_type=\"heading.default\">\n\t\t\t\t\t<h1 class=\"elementor-heading-title elementor-size-default\">Riving<\/h1>\t\t\t\t<\/div>\n\t\t\t\t\t<\/div>\n\t\t<\/div>\n\t\t\t\t\t<\/div>\n\t\t<\/header>\n\t\t\t\t<section class=\"elementor-section elementor-top-section elementor-element elementor-element-9b316a6 elementor-section-stretched elementor-section-boxed elementor-section-height-default elementor-section-height-default\" data-id=\"9b316a6\" data-element_type=\"section\" data-settings=\"{&quot;stretch_section&quot;:&quot;section-stretched&quot;,&quot;background_background&quot;:&quot;classic&quot;,&quot;shape_divider_top&quot;:&quot;arrow&quot;}\">\n\t\t\t\t\t<div class=\"elementor-shape elementor-shape-top\" aria-hidden=\"true\" data-negative=\"false\">\n\t\t\t<svg xmlns=\"http:\/\/www.w3.org\/2000\/svg\" viewBox=\"0 0 700 10\" preserveAspectRatio=\"none\">\n\t<path class=\"elementor-shape-fill\" d=\"M350,10L340,0h20L350,10z\"\/>\n<\/svg>\t\t<\/div>\n\t\t\t\t\t<div class=\"elementor-container elementor-column-gap-default\">\n\t\t\t\t\t<div class=\"elementor-column elementor-col-100 elementor-top-column elementor-element elementor-element-7c68e899\" data-id=\"7c68e899\" data-element_type=\"column\">\n\t\t\t<div class=\"elementor-widget-wrap elementor-element-populated\">\n\t\t\t\t\t\t<div class=\"elementor-element elementor-element-2d3e9e00 elementor-widget elementor-widget-heading\" data-id=\"2d3e9e00\" data-element_type=\"widget\" data-widget_type=\"heading.default\">\n\t\t\t\t\t<h1 class=\"elementor-heading-title elementor-size-default\">Riving<\/h1>\t\t\t\t<\/div>\n\t\t\t\t<div class=\"elementor-element elementor-element-17939bbf elementor-widget elementor-widget-text-editor\" data-id=\"17939bbf\" data-element_type=\"widget\" data-widget_type=\"text-editor.default\">\n\t\t\t\t\t\t\t\t\t<p>Vi har en moderne maskinpark og de beste f\u00f8rerne for riving av alle typer bygg. Dersom det er krav til utslippsfrie byggeplasser har vi maskiner ogs\u00e5 for dette.<\/p>\t\t\t\t\t\t\t\t<\/div>\n\t\t\t\t<div class=\"elementor-element elementor-element-5625c7e6 elementor-widget-divider--view-line elementor-widget elementor-widget-divider\" data-id=\"5625c7e6\" data-element_type=\"widget\" data-widget_type=\"divider.default\">\n\t\t\t\t\t\t\t<div class=\"elementor-divider\">\n\t\t\t<span class=\"elementor-divider-separator\">\n\t\t\t\t\t\t<\/span>\n\t\t<\/div>\n\t\t\t\t\t\t<\/div>\n\t\t\t\t\t<\/div>\n\t\t<\/div>\n\t\t\t\t\t<\/div>\n\t\t<\/section>\n\t\t\t\t<section class=\"elementor-section elementor-top-section elementor-element elementor-element-1c430a41 elementor-section-stretched elementor-section-boxed elementor-section-height-default elementor-section-height-default\" data-id=\"1c430a41\" data-element_type=\"section\" data-settings=\"{&quot;stretch_section&quot;:&quot;section-stretched&quot;,&quot;background_background&quot;:&quot;classic&quot;}\">\n\t\t\t\t\t\t<div class=\"elementor-container elementor-column-gap-default\">\n\t\t\t\t\t<div class=\"elementor-column elementor-col-50 elementor-top-column elementor-element elementor-element-7e859438\" data-id=\"7e859438\" data-element_type=\"column\">\n\t\t\t<div class=\"elementor-widget-wrap elementor-element-populated\">\n\t\t\t\t\t\t<div class=\"elementor-element elementor-element-347bdc5 elementor-widget elementor-widget-heading\" data-id=\"347bdc5\" data-element_type=\"widget\" data-widget_type=\"heading.default\">\n\t\t\t\t\t<h3 class=\"elementor-heading-title elementor-size-default\">VI utf\u00f8rer rivning p\u00e5 en sikker og milj\u00f8bevisst m\u00e5te<\/h3>\t\t\t\t<\/div>\n\t\t\t\t<div class=\"elementor-element elementor-element-3e086e88 elementor-widget elementor-widget-text-editor\" data-id=\"3e086e88\" data-element_type=\"widget\" data-widget_type=\"text-editor.default\">\n\t\t\t\t\t\t\t\t\t<p>Vi utf\u00f8rer alle typer riveoppdrag om bygget skal helrives eller bare delrives\/ rehabiliteres. H2 Milj\u00f8 utf\u00f8rer oppdrag over hele landet for b\u00e5de private og offentlige akt\u00f8rer.&nbsp;<\/p>\n<p>Riving og sortering blir utf\u00f8rt etter avfallsforskriften, og vi har m\u00e5l om en sorteringsgrad p\u00e5 96%.&nbsp;Planleggingen av oppdraget er viktig for \u00e5 kunne utf\u00f8re dette p\u00e5 en trygg og milj\u00f8effektiv m\u00e5te. V\u00e5re dyktige medarbeidere har lang erfaring og bist\u00e5r deg i planlegging- og gjennomf\u00f8ringsfasen. V\u00e5r moderne maskinpark og v\u00e5re erfarne medarbeidere har stort fokus p\u00e5 gjennomf\u00f8ring og riktig h\u00e5ndtering av avfall, samt ivareta ytre milj\u00f8.<\/p>\n\t\t\t\t\t\t\t\t<\/div>\n\t\t\t\t<div class=\"elementor-element elementor-element-5ad6486a elementor-mobile-align-center elementor-widget elementor-widget-button\" data-id=\"5ad6486a\" data-element_type=\"widget\" data-widget_type=\"button.default\">\n\t\t\t\t\t\t\t\t\t\t<a class=\"elementor-button elementor-button-link elementor-size-sm\" href=\"\/kontakt-oss\">\n\t\t\t\t\t\t<span class=\"elementor-button-content-wrapper\">\n\t\t\t\t\t\t\t\t\t<span class=\"elementor-button-text\">Kontakt oss<\/span>\n\t\t\t\t\t<\/span>\n\t\t\t\t\t<\/a>\n\t\t\t\t\t\t\t\t<\/div>\n\t\t\t\t\t<\/div>\n\t\t<\/div>\n\t\t\t\t<div class=\"elementor-column elementor-col-50 elementor-top-column elementor-element elementor-element-7cfb8111\" data-id=\"7cfb8111\" data-element_type=\"column\" data-settings=\"{&quot;background_background&quot;:&quot;classic&quot;}\">\n\t\t\t<div class=\"elementor-widget-wrap elementor-element-populated\">\n\t\t\t\t\t\t<div class=\"elementor-element elementor-element-3a29eb86 elementor-widget elementor-widget-spacer\" data-id=\"3a29eb86\" data-element_type=\"widget\" data-widget_type=\"spacer.default\">\n\t\t\t\t\t\t\t<div class=\"elementor-spacer\">\n\t\t\t<div class=\"elementor-spacer-inner\"><\/div>\n\t\t<\/div>\n\t\t\t\t\t\t<\/div>\n\t\t\t\t\t<\/div>\n\t\t<\/div>\n\t\t\t\t\t<\/div>\n\t\t<\/section>\n\t\t\t\t<\/div>\n\t\t","protected":false},"excerpt":{"rendered":"<p>V\u00e5re Tjenester Riving Riving Vi har en moderne maskinpark og de beste f\u00f8rerne for riving av alle typer bygg. Dersom det er krav til utslippsfrie byggeplasser har vi maskiner ogs\u00e5 for dette. VI utf\u00f8rer rivning p\u00e5 en sikker og milj\u00f8bevisst m\u00e5te Vi utf\u00f8rer alle typer riveoppdrag om bygget skal helrives eller bare delrives\/ rehabiliteres. H2 [&hellip;]<\/p>\n","protected":false},"author":1,"featured_media":0,"parent":0,"menu_order":0,"comment_status":"closed","ping_status":"closed","template":"","meta":{"footnotes":""},"class_list":["post-110","page","type-page","status-publish","hentry"],"yoast_head":"<!-- This site is optimized with the Yoast SEO plugin v26.7 - https:\/\/yoast.com\/wordpress\/plugins\/seo\/ -->\n<title>Riving - H2 Orka<\/title>\n<meta name=\"robots\" content=\"index, follow, max-snippet:-1, max-image-preview:large, max-video-preview:-1\" \/>\n<link rel=\"canonical\" href=\"https:\/\/cranky-mendeleev.217-170-194-30.plesk.page\/index.php\/riving\/\" \/>\n<meta property=\"og:locale\" content=\"nb_NO\" \/>\n<meta property=\"og:type\" content=\"article\" \/>\n<meta property=\"og:title\" content=\"Riving - H2 Orka\" \/>\n<meta property=\"og:description\" content=\"V\u00e5re Tjenester Riving Riving Vi har en moderne maskinpark og de beste f\u00f8rerne for riving av alle typer bygg. Dersom det er krav til utslippsfrie byggeplasser har vi maskiner ogs\u00e5 for dette. VI utf\u00f8rer rivning p\u00e5 en sikker og milj\u00f8bevisst m\u00e5te Vi utf\u00f8rer alle typer riveoppdrag om bygget skal helrives eller bare delrives\/ rehabiliteres. H2 [&hellip;]\" \/>\n<meta property=\"og:url\" content=\"https:\/\/cranky-mendeleev.217-170-194-30.plesk.page\/index.php\/riving\/\" \/>\n<meta property=\"og:site_name\" content=\"H2 Orka\" \/>\n<meta property=\"article:modified_time\" content=\"2026-01-13T11:21:54+00:00\" \/>\n<meta name=\"twitter:card\" content=\"summary_large_image\" \/>\n<meta name=\"twitter:label1\" content=\"Ansl. lesetid\" \/>\n\t<meta name=\"twitter:data1\" content=\"1 minutt\" \/>\n<script type=\"application\/ld+json\" class=\"yoast-schema-graph\">{\"@context\":\"https:\/\/schema.org\",\"@graph\":[{\"@type\":\"WebPage\",\"@id\":\"https:\/\/cranky-mendeleev.217-170-194-30.plesk.page\/index.php\/riving\/\",\"url\":\"https:\/\/cranky-mendeleev.217-170-194-30.plesk.page\/index.php\/riving\/\",\"name\":\"Riving - H2 Orka\",\"isPartOf\":{\"@id\":\"https:\/\/cranky-mendeleev.217-170-194-30.plesk.page\/#website\"},\"datePublished\":\"2026-01-13T11:21:36+00:00\",\"dateModified\":\"2026-01-13T11:21:54+00:00\",\"breadcrumb\":{\"@id\":\"https:\/\/cranky-mendeleev.217-170-194-30.plesk.page\/index.php\/riving\/#breadcrumb\"},\"inLanguage\":\"nb-NO\",\"potentialAction\":[{\"@type\":\"ReadAction\",\"target\":[\"https:\/\/cranky-mendeleev.217-170-194-30.plesk.page\/index.php\/riving\/\"]}]},{\"@type\":\"BreadcrumbList\",\"@id\":\"https:\/\/cranky-mendeleev.217-170-194-30.plesk.page\/index.php\/riving\/#breadcrumb\",\"itemListElement\":[{\"@type\":\"ListItem\",\"position\":1,\"name\":\"Hjem\",\"item\":\"https:\/\/cranky-mendeleev.217-170-194-30.plesk.page\/\"},{\"@type\":\"ListItem\",\"position\":2,\"name\":\"Riving\"}]},{\"@type\":\"WebSite\",\"@id\":\"https:\/\/cranky-mendeleev.217-170-194-30.plesk.page\/#website\",\"url\":\"https:\/\/cranky-mendeleev.217-170-194-30.plesk.page\/\",\"name\":\"H2 Orka\",\"description\":\"\",\"potentialAction\":[{\"@type\":\"SearchAction\",\"target\":{\"@type\":\"EntryPoint\",\"urlTemplate\":\"https:\/\/cranky-mendeleev.217-170-194-30.plesk.page\/?s={search_term_string}\"},\"query-input\":{\"@type\":\"PropertyValueSpecification\",\"valueRequired\":true,\"valueName\":\"search_term_string\"}}],\"inLanguage\":\"nb-NO\"}]}<\/script>\n<!-- \/ Yoast SEO plugin. -->","yoast_head_json":{"title":"Riving - H2 Orka","robots":{"index":"index","follow":"follow","max-snippet":"max-snippet:-1","max-image-preview":"max-image-preview:large","max-video-preview":"max-video-preview:-1"},"canonical":"https:\/\/cranky-mendeleev.217-170-194-30.plesk.page\/index.php\/riving\/","og_locale":"nb_NO","og_type":"article","og_title":"Riving - H2 Orka","og_description":"V\u00e5re Tjenester Riving Riving Vi har en moderne maskinpark og de beste f\u00f8rerne for riving av alle typer bygg. Dersom det er krav til utslippsfrie byggeplasser har vi maskiner ogs\u00e5 for dette. VI utf\u00f8rer rivning p\u00e5 en sikker og milj\u00f8bevisst m\u00e5te Vi utf\u00f8rer alle typer riveoppdrag om bygget skal helrives eller bare delrives\/ rehabiliteres. H2 [&hellip;]","og_url":"https:\/\/cranky-mendeleev.217-170-194-30.plesk.page\/index.php\/riving\/","og_site_name":"H2 Orka","article_modified_time":"2026-01-13T11:21:54+00:00","twitter_card":"summary_large_image","twitter_misc":{"Ansl. lesetid":"1 minutt"},"schema":{"@context":"https:\/\/schema.org","@graph":[{"@type":"WebPage","@id":"https:\/\/cranky-mendeleev.217-170-194-30.plesk.page\/index.php\/riving\/","url":"https:\/\/cranky-mendeleev.217-170-194-30.plesk.page\/index.php\/riving\/","name":"Riving - H2 Orka","isPartOf":{"@id":"https:\/\/cranky-mendeleev.217-170-194-30.plesk.page\/#website"},"datePublished":"2026-01-13T11:21:36+00:00","dateModified":"2026-01-13T11:21:54+00:00","breadcrumb":{"@id":"https:\/\/cranky-mendeleev.217-170-194-30.plesk.page\/index.php\/riving\/#breadcrumb"},"inLanguage":"nb-NO","potentialAction":[{"@type":"ReadAction","target":["https:\/\/cranky-mendeleev.217-170-194-30.plesk.page\/index.php\/riving\/"]}]},{"@type":"BreadcrumbList","@id":"https:\/\/cranky-mendeleev.217-170-194-30.plesk.page\/index.php\/riving\/#breadcrumb","itemListElement":[{"@type":"ListItem","position":1,"name":"Hjem","item":"https:\/\/cranky-mendeleev.217-170-194-30.plesk.page\/"},{"@type":"ListItem","position":2,"name":"Riving"}]},{"@type":"WebSite","@id":"https:\/\/cranky-mendeleev.217-170-194-30.plesk.page\/#website","url":"https:\/\/cranky-mendeleev.217-170-194-30.plesk.page\/","name":"H2 Orka","description":"","potentialAction":[{"@type":"SearchAction","target":{"@type":"EntryPoint","urlTemplate":"https:\/\/cranky-mendeleev.217-170-194-30.plesk.page\/?s={search_term_string}"},"query-input":{"@type":"PropertyValueSpecification","valueRequired":true,"valueName":"search_term_string"}}],"inLanguage":"nb-NO"}]}},"_links":{"self":[{"href":"https:\/\/cranky-mendeleev.217-170-194-30.plesk.page\/index.php\/wp-json\/wp\/v2\/pages\/110","targetHints":{"allow":["GET"]}}],"collection":[{"href":"https:\/\/cranky-mendeleev.217-170-194-30.plesk.page\/index.php\/wp-json\/wp\/v2\/pages"}],"about":[{"href":"https:\/\/cranky-mendeleev.217-170-194-30.plesk.page\/index.php\/wp-json\/wp\/v2\/types\/page"}],"author":[{"embeddable":true,"href":"https:\/\/cranky-mendeleev.217-170-194-30.plesk.page\/index.php\/wp-json\/wp\/v2\/users\/1"}],"replies":[{"embeddable":true,"href":"https:\/\/cranky-mendeleev.217-170-194-30.plesk.page\/index.php\/wp-json\/wp\/v2\/comments?post=110"}],"version-history":[{"count":4,"href":"https:\/\/cranky-mendeleev.217-170-194-30.plesk.page\/index.php\/wp-json\/wp\/v2\/pages\/110\/revisions"}],"predecessor-version":[{"id":197,"href":"https:\/\/cranky-mendeleev.217-170-194-30.plesk.page\/index.php\/wp-json\/wp\/v2\/pages\/110\/revisions\/197"}],"wp:attachment":[{"href":"https:\/\/cranky-mendeleev.217-170-194-30.plesk.page\/index.php\/wp-json\/wp\/v2\/media?parent=110"}],"curies":[{"name":"wp","href":"https:\/\/api.w.org\/{rel}","templated":true}]}}