{"id":123,"date":"2026-01-13T11:21:39","date_gmt":"2026-01-13T11:21:39","guid":{"rendered":"https:\/\/cranky-mendeleev.217-170-194-30.plesk.page\/index.php\/om-oss\/"},"modified":"2026-01-13T11:21:55","modified_gmt":"2026-01-13T11:21:55","slug":"om-oss","status":"publish","type":"page","link":"https:\/\/cranky-mendeleev.217-170-194-30.plesk.page\/index.php\/om-oss\/","title":{"rendered":"Om oss"},"content":{"rendered":"\t\t<div data-elementor-type=\"wp-page\" data-elementor-id=\"123\" class=\"elementor elementor-123\" data-elementor-post-type=\"page\">\n\t\t\t\t\t\t<header class=\"elementor-section elementor-top-section elementor-element elementor-element-4fc23b8d elementor-section-full_width elementor-section-height-min-height elementor-section-stretched elementor-section-height-default elementor-section-items-middle\" data-id=\"4fc23b8d\" data-element_type=\"section\" data-settings=\"{&quot;stretch_section&quot;:&quot;section-stretched&quot;,&quot;background_background&quot;:&quot;classic&quot;,&quot;shape_divider_bottom&quot;:&quot;arrow&quot;,&quot;shape_divider_bottom_negative&quot;:&quot;yes&quot;}\">\n\t\t\t\t\t\t\t<div class=\"elementor-background-overlay\"><\/div>\n\t\t\t\t\t\t<div class=\"elementor-shape elementor-shape-bottom\" aria-hidden=\"true\" data-negative=\"true\">\n\t\t\t<svg xmlns=\"http:\/\/www.w3.org\/2000\/svg\" viewBox=\"0 0 700 10\" preserveAspectRatio=\"none\">\n\t<path class=\"elementor-shape-fill\" d=\"M360 0L350 9.9 340 0 0 0 0 10 700 10 700 0\"\/>\n<\/svg>\t\t<\/div>\n\t\t\t\t\t<div class=\"elementor-container elementor-column-gap-no\">\n\t\t\t\t\t<div class=\"elementor-column elementor-col-100 elementor-top-column elementor-element elementor-element-e469366\" data-id=\"e469366\" data-element_type=\"column\" data-settings=\"{&quot;background_background&quot;:&quot;classic&quot;}\">\n\t\t\t<div class=\"elementor-widget-wrap elementor-element-populated\">\n\t\t\t\t\t\t<div class=\"elementor-element elementor-element-11053784 elementor-widget elementor-widget-heading\" data-id=\"11053784\" data-element_type=\"widget\" data-widget_type=\"heading.default\">\n\t\t\t\t\t<h1 class=\"elementor-heading-title elementor-size-default\">H2 Milj\u00f8 \u2013 Ditt f\u00f8rstevalg innen rivningstjenester<\/h1>\t\t\t\t<\/div>\n\t\t\t\t\t<\/div>\n\t\t<\/div>\n\t\t\t\t\t<\/div>\n\t\t<\/header>\n\t\t\t\t<section class=\"elementor-section elementor-top-section elementor-element elementor-element-6657639 elementor-section-stretched elementor-section-boxed elementor-section-height-default elementor-section-height-default\" data-id=\"6657639\" data-element_type=\"section\" data-settings=\"{&quot;stretch_section&quot;:&quot;section-stretched&quot;,&quot;background_background&quot;:&quot;classic&quot;,&quot;shape_divider_top&quot;:&quot;arrow&quot;}\">\n\t\t\t\t\t<div class=\"elementor-shape elementor-shape-top\" aria-hidden=\"true\" data-negative=\"false\">\n\t\t\t<svg xmlns=\"http:\/\/www.w3.org\/2000\/svg\" viewBox=\"0 0 700 10\" preserveAspectRatio=\"none\">\n\t<path class=\"elementor-shape-fill\" d=\"M350,10L340,0h20L350,10z\"\/>\n<\/svg>\t\t<\/div>\n\t\t\t\t\t<div class=\"elementor-container elementor-column-gap-default\">\n\t\t\t\t\t<div class=\"elementor-column elementor-col-100 elementor-top-column elementor-element elementor-element-51503cd1\" data-id=\"51503cd1\" data-element_type=\"column\">\n\t\t\t<div class=\"elementor-widget-wrap elementor-element-populated\">\n\t\t\t\t\t\t<div class=\"elementor-element elementor-element-7e72df8d elementor-widget elementor-widget-heading\" data-id=\"7e72df8d\" data-element_type=\"widget\" data-widget_type=\"heading.default\">\n\t\t\t\t\t<h2 class=\"elementor-heading-title elementor-size-default\">Eksperter p\u00e5 rivning og sanering<\/h2>\t\t\t\t<\/div>\n\t\t\t\t<div class=\"elementor-element elementor-element-26d0b645 elementor-widget elementor-widget-text-editor\" data-id=\"26d0b645\" data-element_type=\"widget\" data-widget_type=\"text-editor.default\">\n\t\t\t\t\t\t\t\t\t<p>V\u00e5re medarbeidere har lang erfaring fra rivningsbransjen, og et h\u00f8yt fokus p\u00e5 sikkerhet, resirkulering og milj\u00f8. Dette kommer deg til gode som kunde.<\/p>\t\t\t\t\t\t\t\t<\/div>\n\t\t\t\t<div class=\"elementor-element elementor-element-6a3f9566 elementor-widget-divider--view-line elementor-widget elementor-widget-divider\" data-id=\"6a3f9566\" data-element_type=\"widget\" data-widget_type=\"divider.default\">\n\t\t\t\t\t\t\t<div class=\"elementor-divider\">\n\t\t\t<span class=\"elementor-divider-separator\">\n\t\t\t\t\t\t<\/span>\n\t\t<\/div>\n\t\t\t\t\t\t<\/div>\n\t\t\t\t\t<\/div>\n\t\t<\/div>\n\t\t\t\t\t<\/div>\n\t\t<\/section>\n\t\t\t\t<section class=\"elementor-section elementor-top-section elementor-element elementor-element-5004cfd0 elementor-section-stretched elementor-reverse-tablet elementor-reverse-mobile elementor-section-boxed elementor-section-height-default elementor-section-height-default\" data-id=\"5004cfd0\" data-element_type=\"section\" data-settings=\"{&quot;stretch_section&quot;:&quot;section-stretched&quot;,&quot;background_background&quot;:&quot;classic&quot;}\">\n\t\t\t\t\t\t<div class=\"elementor-container elementor-column-gap-default\">\n\t\t\t\t\t<div class=\"elementor-column elementor-col-50 elementor-top-column elementor-element elementor-element-6f5cd692\" data-id=\"6f5cd692\" data-element_type=\"column\">\n\t\t\t<div class=\"elementor-widget-wrap elementor-element-populated\">\n\t\t\t\t\t\t<div class=\"elementor-element elementor-element-f99a2f7 elementor-widget elementor-widget-heading\" data-id=\"f99a2f7\" data-element_type=\"widget\" data-widget_type=\"heading.default\">\n\t\t\t\t\t<h3 class=\"elementor-heading-title elementor-size-default\">Vi har lang erfaring innen rivningsbransjen, og h\u00f8yt fokus p\u00e5 milj\u00f8 <\/h3>\t\t\t\t<\/div>\n\t\t\t\t<div class=\"elementor-element elementor-element-1ed61df elementor-widget elementor-widget-text-editor\" data-id=\"1ed61df\" data-element_type=\"widget\" data-widget_type=\"text-editor.default\">\n\t\t\t\t\t\t\t\t\t<p>H2 Milj\u00f8 AS har kontorer i Oslo og Bergen, og ledes av Daglig leder Agnar Haugen. Han har sammen med v\u00e5re dyktige prosjektledere, anleggsledere og HMS ansvarlig lang erfaring fra v\u00e5re fokusomr\u00e5der innen Milj\u00f8sanering og riving, opprydding av forurenset grunn og naturrestaurering.<\/p><p>Vi har et h\u00f8yt fokus p\u00e5 milj\u00f8 og ombruk.<\/p>\t\t\t\t\t\t\t\t<\/div>\n\t\t\t\t<div class=\"elementor-element elementor-element-4b577e99 elementor-widget elementor-widget-heading\" data-id=\"4b577e99\" data-element_type=\"widget\" data-widget_type=\"heading.default\">\n\t\t\t\t\t<h2 class=\"elementor-heading-title elementor-size-default\">En sunn og god arbeidsplass<\/h2>\t\t\t\t<\/div>\n\t\t\t\t<div class=\"elementor-element elementor-element-6d24980 elementor-widget elementor-widget-text-editor\" data-id=\"6d24980\" data-element_type=\"widget\" data-widget_type=\"text-editor.default\">\n\t\t\t\t\t\t\t\t\t<p>H2 Milj\u00f8 AS skal v\u00e6re en foretrukken arbeidsgiver. H2 Milj\u00f8 har h\u00f8yt fokus p\u00e5 et godt arbeidsmilj\u00f8 og gode verdier, samtidig som vi fokuserer p\u00e5 et arbeidsmilj\u00f8 som er helsefremmende.<\/p><p>Hos oss skal alle ansatte og samarbeidspartnere f\u00f8le seg trygge og trives p\u00e5 jobb.<\/p>\t\t\t\t\t\t\t\t<\/div>\n\t\t\t\t\t<\/div>\n\t\t<\/div>\n\t\t\t\t<div class=\"elementor-column elementor-col-50 elementor-top-column elementor-element elementor-element-1e12965d\" data-id=\"1e12965d\" data-element_type=\"column\" data-settings=\"{&quot;background_background&quot;:&quot;classic&quot;}\">\n\t\t\t<div class=\"elementor-widget-wrap elementor-element-populated\">\n\t\t\t\t\t\t<div class=\"elementor-element elementor-element-4878f45d elementor-widget elementor-widget-spacer\" data-id=\"4878f45d\" data-element_type=\"widget\" data-widget_type=\"spacer.default\">\n\t\t\t\t\t\t\t<div class=\"elementor-spacer\">\n\t\t\t<div class=\"elementor-spacer-inner\"><\/div>\n\t\t<\/div>\n\t\t\t\t\t\t<\/div>\n\t\t\t\t\t<\/div>\n\t\t<\/div>\n\t\t\t\t\t<\/div>\n\t\t<\/section>\n\t\t\t\t<section class=\"elementor-section elementor-top-section elementor-element elementor-element-3433afe2 elementor-section-stretched elementor-section-boxed elementor-section-height-default elementor-section-height-default\" data-id=\"3433afe2\" data-element_type=\"section\" data-settings=\"{&quot;stretch_section&quot;:&quot;section-stretched&quot;}\">\n\t\t\t\t\t\t<div class=\"elementor-container elementor-column-gap-default\">\n\t\t\t\t\t<div class=\"elementor-column elementor-col-50 elementor-top-column elementor-element elementor-element-4c2e4f13\" data-id=\"4c2e4f13\" data-element_type=\"column\">\n\t\t\t<div class=\"elementor-widget-wrap elementor-element-populated\">\n\t\t\t\t\t\t<div class=\"elementor-element elementor-element-3bcc51c elementor-widget elementor-widget-heading\" data-id=\"3bcc51c\" data-element_type=\"widget\" data-widget_type=\"heading.default\">\n\t\t\t\t\t<h2 class=\"elementor-heading-title elementor-size-default\">ARBEIDSMILJ\u00d8 OG HMS I FOKUS<\/h2>\t\t\t\t<\/div>\n\t\t\t\t<div class=\"elementor-element elementor-element-286054ac elementor-widget elementor-widget-text-editor\" data-id=\"286054ac\" data-element_type=\"widget\" data-widget_type=\"text-editor.default\">\n\t\t\t\t\t\t\t\t\t<p>Arbeidsmilj\u00f8et st\u00e5r i h\u00f8ysetet hos oss. Dette oppn\u00e5r vi ved \u00e5 ha en kompromissl\u00f8s\u00a0holdning til sikkerhet, gjennom et systematisk og m\u00e5lrettet arbeid med HMS og ytre milj\u00f8. De som jobber hos oss skal kunne forvente at vi tar deres arbeidssituasjon og sikkerhet p\u00e5 alvor.<\/p><p>Vi jobber hele tiden for \u00e5 bli blant de fremste p\u00e5 HMS-omr\u00e5det. Dette m\u00e5 vi gj\u00f8re for \u00e5 v\u00e6re en foretrukken samarbeidspartner. Her jobber vi blant annet med \u00e5 ha fokus p\u00e5 sikkerhet for alle i bedriften, tilretteleggelse for sikkert arbeid, v\u00e6re en inkluderende arbeidsplass og ha sikre og tilgjengelige arbeidsverkt\u00f8y lett tilgjengelig.<\/p><p>Dette inkluderer fokus p\u00e5 samhandling rundt HMS-arbeidet med samarbeidspartnere, kunder og leverand\u00f8rer. V\u00e5rt overordnede HMS-m\u00e5l er at alle skal komme trygt hjem hver eneste dag.<\/p>\t\t\t\t\t\t\t\t<\/div>\n\t\t\t\t<div class=\"elementor-element elementor-element-34d65ae elementor-widget elementor-widget-heading\" data-id=\"34d65ae\" data-element_type=\"widget\" data-widget_type=\"heading.default\">\n\t\t\t\t\t<h2 class=\"elementor-heading-title elementor-size-default\">Karriere i H2 Milj\u00f8 AS<\/h2>\t\t\t\t<\/div>\n\t\t\t\t<div class=\"elementor-element elementor-element-45b9e5eb elementor-widget elementor-widget-text-editor\" data-id=\"45b9e5eb\" data-element_type=\"widget\" data-widget_type=\"text-editor.default\">\n\t\t\t\t\t\t\t\t\t<p>H2 Milj\u00f8 er alltid p\u00e5 jakt etter dyktige kollegaer. Se om vi har en ledig stilling som passer for deg, eller send oss gjerne en \u00e5pen s\u00f8knad.\u00a0<\/p>\t\t\t\t\t\t\t\t<\/div>\n\t\t\t\t<div class=\"elementor-element elementor-element-7f80d60a elementor-widget elementor-widget-button\" data-id=\"7f80d60a\" data-element_type=\"widget\" data-widget_type=\"button.default\">\n\t\t\t\t\t\t\t\t\t\t<a class=\"elementor-button elementor-button-link elementor-size-sm\" href=\"\/karriere\">\n\t\t\t\t\t\t<span class=\"elementor-button-content-wrapper\">\n\t\t\t\t\t\t\t\t\t<span class=\"elementor-button-text\">Les mer<\/span>\n\t\t\t\t\t<\/span>\n\t\t\t\t\t<\/a>\n\t\t\t\t\t\t\t\t<\/div>\n\t\t\t\t\t<\/div>\n\t\t<\/div>\n\t\t\t\t<div class=\"elementor-column elementor-col-50 elementor-top-column elementor-element elementor-element-44875fdf\" data-id=\"44875fdf\" data-element_type=\"column\" data-settings=\"{&quot;background_background&quot;:&quot;classic&quot;}\">\n\t\t\t<div class=\"elementor-widget-wrap elementor-element-populated\">\n\t\t\t\t\t\t<div class=\"elementor-element elementor-element-2973927b elementor-widget elementor-widget-spacer\" data-id=\"2973927b\" data-element_type=\"widget\" data-widget_type=\"spacer.default\">\n\t\t\t\t\t\t\t<div class=\"elementor-spacer\">\n\t\t\t<div class=\"elementor-spacer-inner\"><\/div>\n\t\t<\/div>\n\t\t\t\t\t\t<\/div>\n\t\t\t\t\t<\/div>\n\t\t<\/div>\n\t\t\t\t\t<\/div>\n\t\t<\/section>\n\t\t\t\t<section class=\"elementor-section elementor-top-section elementor-element elementor-element-4b6a3c59 elementor-section-boxed elementor-section-height-default elementor-section-height-default\" data-id=\"4b6a3c59\" data-element_type=\"section\" data-settings=\"{&quot;background_background&quot;:&quot;classic&quot;}\">\n\t\t\t\t\t\t<div class=\"elementor-container elementor-column-gap-default\">\n\t\t\t\t\t<div class=\"elementor-column elementor-col-50 elementor-top-column elementor-element elementor-element-58108180\" data-id=\"58108180\" data-element_type=\"column\">\n\t\t\t<div class=\"elementor-widget-wrap elementor-element-populated\">\n\t\t\t\t\t\t<div class=\"elementor-element elementor-element-8544244 elementor-widget elementor-widget-heading\" data-id=\"8544244\" data-element_type=\"widget\" data-widget_type=\"heading.default\">\n\t\t\t\t\t<h2 class=\"elementor-heading-title elementor-size-default\">H2 Milj\u00f8 AS er Milj\u00f8fyrt\u00e5rn-sertifisert!<\/h2>\t\t\t\t<\/div>\n\t\t\t\t<div class=\"elementor-element elementor-element-22b2a11e elementor-widget elementor-widget-text-editor\" data-id=\"22b2a11e\" data-element_type=\"widget\" data-widget_type=\"text-editor.default\">\n\t\t\t\t\t\t\t\t\t<p>Vi er utrolig stolte over \u00e5 v\u00e6re Milj\u00f8fyrt\u00e5rn-sertifisert. N\u00e5 har vi et synlig bevis p\u00e5 at vi tar ansvar, og et konkret verkt\u00f8y for \u00e5 jobbe kontinuerlig med <br \/>milj\u00f8forbedringer og gr\u00f8nn omstilling.<\/p><p>Vi oppfordrer alle bedrifter til \u00e5 ta steget mot en b\u00e6rekraftig fremtid!<\/p>\t\t\t\t\t\t\t\t<\/div>\n\t\t\t\t\t<\/div>\n\t\t<\/div>\n\t\t\t\t<div class=\"elementor-column elementor-col-50 elementor-top-column elementor-element elementor-element-4e01df24\" data-id=\"4e01df24\" data-element_type=\"column\">\n\t\t\t<div class=\"elementor-widget-wrap elementor-element-populated\">\n\t\t\t\t\t\t<div class=\"elementor-element elementor-element-6dfc92a5 elementor-widget elementor-widget-image\" data-id=\"6dfc92a5\" data-element_type=\"widget\" data-widget_type=\"image.default\">\n\t\t\t\t\t\t\t\t\t\t\t\t\t\t\t<img fetchpriority=\"high\" decoding=\"async\" width=\"800\" height=\"800\" src=\"https:\/\/cranky-mendeleev.217-170-194-30.plesk.page\/wp-content\/uploads\/2026\/01\/Miljofyrtarn-v5-Facebook-Instagram-1080px-scaled-1-1024x1024.jpg\" class=\"attachment-large size-large wp-image-126\" alt=\"Miljofyrtarn-v5-Facebook-Instagram-1080px-scaled.jpg\" srcset=\"https:\/\/cranky-mendeleev.217-170-194-30.plesk.page\/wp-content\/uploads\/2026\/01\/Miljofyrtarn-v5-Facebook-Instagram-1080px-scaled-1-1024x1024.jpg 1024w, https:\/\/cranky-mendeleev.217-170-194-30.plesk.page\/wp-content\/uploads\/2026\/01\/Miljofyrtarn-v5-Facebook-Instagram-1080px-scaled-1-300x300.jpg 300w, https:\/\/cranky-mendeleev.217-170-194-30.plesk.page\/wp-content\/uploads\/2026\/01\/Miljofyrtarn-v5-Facebook-Instagram-1080px-scaled-1-150x150.jpg 150w, https:\/\/cranky-mendeleev.217-170-194-30.plesk.page\/wp-content\/uploads\/2026\/01\/Miljofyrtarn-v5-Facebook-Instagram-1080px-scaled-1-768x768.jpg 768w, https:\/\/cranky-mendeleev.217-170-194-30.plesk.page\/wp-content\/uploads\/2026\/01\/Miljofyrtarn-v5-Facebook-Instagram-1080px-scaled-1-1536x1536.jpg 1536w, https:\/\/cranky-mendeleev.217-170-194-30.plesk.page\/wp-content\/uploads\/2026\/01\/Miljofyrtarn-v5-Facebook-Instagram-1080px-scaled-1-2048x2048.jpg 2048w\" sizes=\"(max-width: 800px) 100vw, 800px\" \/>\t\t\t\t\t\t\t\t\t\t\t\t\t\t\t<\/div>\n\t\t\t\t\t<\/div>\n\t\t<\/div>\n\t\t\t\t\t<\/div>\n\t\t<\/section>\n\t\t\t\t<\/div>\n\t\t","protected":false},"excerpt":{"rendered":"<p>H2 Milj\u00f8 \u2013 Ditt f\u00f8rstevalg innen rivningstjenester Eksperter p\u00e5 rivning og sanering V\u00e5re medarbeidere har lang erfaring fra rivningsbransjen, og et h\u00f8yt fokus p\u00e5 sikkerhet, resirkulering og milj\u00f8. Dette kommer deg til gode som kunde. Vi har lang erfaring innen rivningsbransjen, og h\u00f8yt fokus p\u00e5 milj\u00f8 H2 Milj\u00f8 AS har kontorer i Oslo og Bergen, [&hellip;]<\/p>\n","protected":false},"author":1,"featured_media":0,"parent":0,"menu_order":0,"comment_status":"closed","ping_status":"closed","template":"","meta":{"footnotes":""},"class_list":["post-123","page","type-page","status-publish","hentry"],"yoast_head":"<!-- This site is optimized with the Yoast SEO plugin v26.7 - https:\/\/yoast.com\/wordpress\/plugins\/seo\/ -->\n<title>Om oss - H2 Orka<\/title>\n<meta name=\"robots\" content=\"index, follow, max-snippet:-1, max-image-preview:large, max-video-preview:-1\" \/>\n<link rel=\"canonical\" href=\"https:\/\/cranky-mendeleev.217-170-194-30.plesk.page\/index.php\/om-oss\/\" \/>\n<meta property=\"og:locale\" content=\"nb_NO\" \/>\n<meta property=\"og:type\" content=\"article\" \/>\n<meta property=\"og:title\" content=\"Om oss - H2 Orka\" \/>\n<meta property=\"og:description\" content=\"H2 Milj\u00f8 \u2013 Ditt f\u00f8rstevalg innen rivningstjenester Eksperter p\u00e5 rivning og sanering V\u00e5re medarbeidere har lang erfaring fra rivningsbransjen, og et h\u00f8yt fokus p\u00e5 sikkerhet, resirkulering og milj\u00f8. Dette kommer deg til gode som kunde. Vi har lang erfaring innen rivningsbransjen, og h\u00f8yt fokus p\u00e5 milj\u00f8 H2 Milj\u00f8 AS har kontorer i Oslo og Bergen, [&hellip;]\" \/>\n<meta property=\"og:url\" content=\"https:\/\/cranky-mendeleev.217-170-194-30.plesk.page\/index.php\/om-oss\/\" \/>\n<meta property=\"og:site_name\" content=\"H2 Orka\" \/>\n<meta property=\"article:modified_time\" content=\"2026-01-13T11:21:55+00:00\" \/>\n<meta property=\"og:image\" content=\"https:\/\/cranky-mendeleev.217-170-194-30.plesk.page\/wp-content\/uploads\/2026\/01\/Miljofyrtarn-v5-Facebook-Instagram-1080px-scaled-1.jpg\" \/>\n\t<meta property=\"og:image:width\" content=\"2560\" \/>\n\t<meta property=\"og:image:height\" content=\"2560\" \/>\n\t<meta property=\"og:image:type\" content=\"image\/jpeg\" \/>\n<meta name=\"twitter:card\" content=\"summary_large_image\" \/>\n<meta name=\"twitter:label1\" content=\"Ansl. lesetid\" \/>\n\t<meta name=\"twitter:data1\" content=\"2 minutter\" \/>\n<script type=\"application\/ld+json\" class=\"yoast-schema-graph\">{\"@context\":\"https:\/\/schema.org\",\"@graph\":[{\"@type\":\"WebPage\",\"@id\":\"https:\/\/cranky-mendeleev.217-170-194-30.plesk.page\/index.php\/om-oss\/\",\"url\":\"https:\/\/cranky-mendeleev.217-170-194-30.plesk.page\/index.php\/om-oss\/\",\"name\":\"Om oss - H2 Orka\",\"isPartOf\":{\"@id\":\"https:\/\/cranky-mendeleev.217-170-194-30.plesk.page\/#website\"},\"primaryImageOfPage\":{\"@id\":\"https:\/\/cranky-mendeleev.217-170-194-30.plesk.page\/index.php\/om-oss\/#primaryimage\"},\"image\":{\"@id\":\"https:\/\/cranky-mendeleev.217-170-194-30.plesk.page\/index.php\/om-oss\/#primaryimage\"},\"thumbnailUrl\":\"https:\/\/cranky-mendeleev.217-170-194-30.plesk.page\/wp-content\/uploads\/2026\/01\/Miljofyrtarn-v5-Facebook-Instagram-1080px-scaled-1-1024x1024.jpg\",\"datePublished\":\"2026-01-13T11:21:39+00:00\",\"dateModified\":\"2026-01-13T11:21:55+00:00\",\"breadcrumb\":{\"@id\":\"https:\/\/cranky-mendeleev.217-170-194-30.plesk.page\/index.php\/om-oss\/#breadcrumb\"},\"inLanguage\":\"nb-NO\",\"potentialAction\":[{\"@type\":\"ReadAction\",\"target\":[\"https:\/\/cranky-mendeleev.217-170-194-30.plesk.page\/index.php\/om-oss\/\"]}]},{\"@type\":\"ImageObject\",\"inLanguage\":\"nb-NO\",\"@id\":\"https:\/\/cranky-mendeleev.217-170-194-30.plesk.page\/index.php\/om-oss\/#primaryimage\",\"url\":\"https:\/\/cranky-mendeleev.217-170-194-30.plesk.page\/wp-content\/uploads\/2026\/01\/Miljofyrtarn-v5-Facebook-Instagram-1080px-scaled-1.jpg\",\"contentUrl\":\"https:\/\/cranky-mendeleev.217-170-194-30.plesk.page\/wp-content\/uploads\/2026\/01\/Miljofyrtarn-v5-Facebook-Instagram-1080px-scaled-1.jpg\",\"width\":2560,\"height\":2560,\"caption\":\"Miljofyrtarn-v5-Facebook-Instagram-1080px-scaled.jpg\"},{\"@type\":\"BreadcrumbList\",\"@id\":\"https:\/\/cranky-mendeleev.217-170-194-30.plesk.page\/index.php\/om-oss\/#breadcrumb\",\"itemListElement\":[{\"@type\":\"ListItem\",\"position\":1,\"name\":\"Hjem\",\"item\":\"https:\/\/cranky-mendeleev.217-170-194-30.plesk.page\/\"},{\"@type\":\"ListItem\",\"position\":2,\"name\":\"Om oss\"}]},{\"@type\":\"WebSite\",\"@id\":\"https:\/\/cranky-mendeleev.217-170-194-30.plesk.page\/#website\",\"url\":\"https:\/\/cranky-mendeleev.217-170-194-30.plesk.page\/\",\"name\":\"H2 Orka\",\"description\":\"\",\"potentialAction\":[{\"@type\":\"SearchAction\",\"target\":{\"@type\":\"EntryPoint\",\"urlTemplate\":\"https:\/\/cranky-mendeleev.217-170-194-30.plesk.page\/?s={search_term_string}\"},\"query-input\":{\"@type\":\"PropertyValueSpecification\",\"valueRequired\":true,\"valueName\":\"search_term_string\"}}],\"inLanguage\":\"nb-NO\"}]}<\/script>\n<!-- \/ Yoast SEO plugin. -->","yoast_head_json":{"title":"Om oss - H2 Orka","robots":{"index":"index","follow":"follow","max-snippet":"max-snippet:-1","max-image-preview":"max-image-preview:large","max-video-preview":"max-video-preview:-1"},"canonical":"https:\/\/cranky-mendeleev.217-170-194-30.plesk.page\/index.php\/om-oss\/","og_locale":"nb_NO","og_type":"article","og_title":"Om oss - H2 Orka","og_description":"H2 Milj\u00f8 \u2013 Ditt f\u00f8rstevalg innen rivningstjenester Eksperter p\u00e5 rivning og sanering V\u00e5re medarbeidere har lang erfaring fra rivningsbransjen, og et h\u00f8yt fokus p\u00e5 sikkerhet, resirkulering og milj\u00f8. Dette kommer deg til gode som kunde. Vi har lang erfaring innen rivningsbransjen, og h\u00f8yt fokus p\u00e5 milj\u00f8 H2 Milj\u00f8 AS har kontorer i Oslo og Bergen, [&hellip;]","og_url":"https:\/\/cranky-mendeleev.217-170-194-30.plesk.page\/index.php\/om-oss\/","og_site_name":"H2 Orka","article_modified_time":"2026-01-13T11:21:55+00:00","og_image":[{"width":2560,"height":2560,"url":"https:\/\/cranky-mendeleev.217-170-194-30.plesk.page\/wp-content\/uploads\/2026\/01\/Miljofyrtarn-v5-Facebook-Instagram-1080px-scaled-1.jpg","type":"image\/jpeg"}],"twitter_card":"summary_large_image","twitter_misc":{"Ansl. lesetid":"2 minutter"},"schema":{"@context":"https:\/\/schema.org","@graph":[{"@type":"WebPage","@id":"https:\/\/cranky-mendeleev.217-170-194-30.plesk.page\/index.php\/om-oss\/","url":"https:\/\/cranky-mendeleev.217-170-194-30.plesk.page\/index.php\/om-oss\/","name":"Om oss - H2 Orka","isPartOf":{"@id":"https:\/\/cranky-mendeleev.217-170-194-30.plesk.page\/#website"},"primaryImageOfPage":{"@id":"https:\/\/cranky-mendeleev.217-170-194-30.plesk.page\/index.php\/om-oss\/#primaryimage"},"image":{"@id":"https:\/\/cranky-mendeleev.217-170-194-30.plesk.page\/index.php\/om-oss\/#primaryimage"},"thumbnailUrl":"https:\/\/cranky-mendeleev.217-170-194-30.plesk.page\/wp-content\/uploads\/2026\/01\/Miljofyrtarn-v5-Facebook-Instagram-1080px-scaled-1-1024x1024.jpg","datePublished":"2026-01-13T11:21:39+00:00","dateModified":"2026-01-13T11:21:55+00:00","breadcrumb":{"@id":"https:\/\/cranky-mendeleev.217-170-194-30.plesk.page\/index.php\/om-oss\/#breadcrumb"},"inLanguage":"nb-NO","potentialAction":[{"@type":"ReadAction","target":["https:\/\/cranky-mendeleev.217-170-194-30.plesk.page\/index.php\/om-oss\/"]}]},{"@type":"ImageObject","inLanguage":"nb-NO","@id":"https:\/\/cranky-mendeleev.217-170-194-30.plesk.page\/index.php\/om-oss\/#primaryimage","url":"https:\/\/cranky-mendeleev.217-170-194-30.plesk.page\/wp-content\/uploads\/2026\/01\/Miljofyrtarn-v5-Facebook-Instagram-1080px-scaled-1.jpg","contentUrl":"https:\/\/cranky-mendeleev.217-170-194-30.plesk.page\/wp-content\/uploads\/2026\/01\/Miljofyrtarn-v5-Facebook-Instagram-1080px-scaled-1.jpg","width":2560,"height":2560,"caption":"Miljofyrtarn-v5-Facebook-Instagram-1080px-scaled.jpg"},{"@type":"BreadcrumbList","@id":"https:\/\/cranky-mendeleev.217-170-194-30.plesk.page\/index.php\/om-oss\/#breadcrumb","itemListElement":[{"@type":"ListItem","position":1,"name":"Hjem","item":"https:\/\/cranky-mendeleev.217-170-194-30.plesk.page\/"},{"@type":"ListItem","position":2,"name":"Om oss"}]},{"@type":"WebSite","@id":"https:\/\/cranky-mendeleev.217-170-194-30.plesk.page\/#website","url":"https:\/\/cranky-mendeleev.217-170-194-30.plesk.page\/","name":"H2 Orka","description":"","potentialAction":[{"@type":"SearchAction","target":{"@type":"EntryPoint","urlTemplate":"https:\/\/cranky-mendeleev.217-170-194-30.plesk.page\/?s={search_term_string}"},"query-input":{"@type":"PropertyValueSpecification","valueRequired":true,"valueName":"search_term_string"}}],"inLanguage":"nb-NO"}]}},"_links":{"self":[{"href":"https:\/\/cranky-mendeleev.217-170-194-30.plesk.page\/index.php\/wp-json\/wp\/v2\/pages\/123","targetHints":{"allow":["GET"]}}],"collection":[{"href":"https:\/\/cranky-mendeleev.217-170-194-30.plesk.page\/index.php\/wp-json\/wp\/v2\/pages"}],"about":[{"href":"https:\/\/cranky-mendeleev.217-170-194-30.plesk.page\/index.php\/wp-json\/wp\/v2\/types\/page"}],"author":[{"embeddable":true,"href":"https:\/\/cranky-mendeleev.217-170-194-30.plesk.page\/index.php\/wp-json\/wp\/v2\/users\/1"}],"replies":[{"embeddable":true,"href":"https:\/\/cranky-mendeleev.217-170-194-30.plesk.page\/index.php\/wp-json\/wp\/v2\/comments?post=123"}],"version-history":[{"count":4,"href":"https:\/\/cranky-mendeleev.217-170-194-30.plesk.page\/index.php\/wp-json\/wp\/v2\/pages\/123\/revisions"}],"predecessor-version":[{"id":203,"href":"https:\/\/cranky-mendeleev.217-170-194-30.plesk.page\/index.php\/wp-json\/wp\/v2\/pages\/123\/revisions\/203"}],"wp:attachment":[{"href":"https:\/\/cranky-mendeleev.217-170-194-30.plesk.page\/index.php\/wp-json\/wp\/v2\/media?parent=123"}],"curies":[{"name":"wp","href":"https:\/\/api.w.org\/{rel}","templated":true}]}}