{"id":72,"date":"2026-01-13T11:21:30","date_gmt":"2026-01-13T11:21:30","guid":{"rendered":"https:\/\/cranky-mendeleev.217-170-194-30.plesk.page\/index.php\/karriere\/"},"modified":"2026-01-13T11:21:52","modified_gmt":"2026-01-13T11:21:52","slug":"karriere","status":"publish","type":"page","link":"https:\/\/cranky-mendeleev.217-170-194-30.plesk.page\/index.php\/karriere\/","title":{"rendered":"Karriere"},"content":{"rendered":"\t\t<div data-elementor-type=\"wp-page\" data-elementor-id=\"72\" class=\"elementor elementor-72\" data-elementor-post-type=\"page\">\n\t\t\t\t\t\t<header class=\"elementor-section elementor-top-section elementor-element elementor-element-3fc31e43 elementor-section-full_width elementor-section-height-min-height elementor-section-stretched elementor-section-height-default elementor-section-items-middle\" data-id=\"3fc31e43\" data-element_type=\"section\" data-settings=\"{&quot;stretch_section&quot;:&quot;section-stretched&quot;,&quot;background_background&quot;:&quot;classic&quot;,&quot;shape_divider_bottom&quot;:&quot;arrow&quot;,&quot;shape_divider_bottom_negative&quot;:&quot;yes&quot;}\">\n\t\t\t\t\t\t\t<div class=\"elementor-background-overlay\"><\/div>\n\t\t\t\t\t\t<div class=\"elementor-shape elementor-shape-bottom\" aria-hidden=\"true\" data-negative=\"true\">\n\t\t\t<svg xmlns=\"http:\/\/www.w3.org\/2000\/svg\" viewBox=\"0 0 700 10\" preserveAspectRatio=\"none\">\n\t<path class=\"elementor-shape-fill\" d=\"M360 0L350 9.9 340 0 0 0 0 10 700 10 700 0\"\/>\n<\/svg>\t\t<\/div>\n\t\t\t\t\t<div class=\"elementor-container elementor-column-gap-no\">\n\t\t\t\t\t<div class=\"elementor-column elementor-col-100 elementor-top-column elementor-element elementor-element-11942fce\" data-id=\"11942fce\" data-element_type=\"column\" data-settings=\"{&quot;background_background&quot;:&quot;classic&quot;}\">\n\t\t\t<div class=\"elementor-widget-wrap elementor-element-populated\">\n\t\t\t\t\t\t<div class=\"elementor-element elementor-element-1367084c elementor-widget elementor-widget-heading\" data-id=\"1367084c\" data-element_type=\"widget\" data-widget_type=\"heading.default\">\n\t\t\t\t\t<h1 class=\"elementor-heading-title elementor-size-default\">Karriere<\/h1>\t\t\t\t<\/div>\n\t\t\t\t\t<\/div>\n\t\t<\/div>\n\t\t\t\t\t<\/div>\n\t\t<\/header>\n\t\t\t\t<section class=\"elementor-section elementor-top-section elementor-element elementor-element-51f3131c elementor-section-stretched elementor-section-boxed elementor-section-height-default elementor-section-height-default\" data-id=\"51f3131c\" data-element_type=\"section\" data-settings=\"{&quot;stretch_section&quot;:&quot;section-stretched&quot;,&quot;background_background&quot;:&quot;classic&quot;,&quot;shape_divider_top&quot;:&quot;arrow&quot;}\">\n\t\t\t\t\t<div class=\"elementor-shape elementor-shape-top\" aria-hidden=\"true\" data-negative=\"false\">\n\t\t\t<svg xmlns=\"http:\/\/www.w3.org\/2000\/svg\" viewBox=\"0 0 700 10\" preserveAspectRatio=\"none\">\n\t<path class=\"elementor-shape-fill\" d=\"M350,10L340,0h20L350,10z\"\/>\n<\/svg>\t\t<\/div>\n\t\t\t\t\t<div class=\"elementor-container elementor-column-gap-default\">\n\t\t\t\t\t<div class=\"elementor-column elementor-col-100 elementor-top-column elementor-element elementor-element-5916c4fa\" data-id=\"5916c4fa\" data-element_type=\"column\">\n\t\t\t<div class=\"elementor-widget-wrap elementor-element-populated\">\n\t\t\t\t\t\t<div class=\"elementor-element elementor-element-7fb7d992 elementor-widget elementor-widget-heading\" data-id=\"7fb7d992\" data-element_type=\"widget\" data-widget_type=\"heading.default\">\n\t\t\t\t\t<h2 class=\"elementor-heading-title elementor-size-default\">Ledige stillinger<\/h2>\t\t\t\t<\/div>\n\t\t\t\t<div class=\"elementor-element elementor-element-262e982 elementor-widget elementor-widget-text-editor\" data-id=\"262e982\" data-element_type=\"widget\" data-widget_type=\"text-editor.default\">\n\t\t\t\t\t\t\t\t\t<p>Vi s\u00f8ker stadig nye talenter til v\u00e5r bedrift.\u00a0<\/p>\t\t\t\t\t\t\t\t<\/div>\n\t\t\t\t<div class=\"elementor-element elementor-element-d8f00a6 elementor-widget-divider--view-line elementor-widget elementor-widget-divider\" data-id=\"d8f00a6\" data-element_type=\"widget\" data-widget_type=\"divider.default\">\n\t\t\t\t\t\t\t<div class=\"elementor-divider\">\n\t\t\t<span class=\"elementor-divider-separator\">\n\t\t\t\t\t\t<\/span>\n\t\t<\/div>\n\t\t\t\t\t\t<\/div>\n\t\t\t\t\t<\/div>\n\t\t<\/div>\n\t\t\t\t\t<\/div>\n\t\t<\/section>\n\t\t\t\t<section class=\"elementor-section elementor-top-section elementor-element elementor-element-10f513a7 elementor-section-stretched elementor-section-boxed elementor-section-height-default elementor-section-height-default\" data-id=\"10f513a7\" data-element_type=\"section\" data-settings=\"{&quot;stretch_section&quot;:&quot;section-stretched&quot;,&quot;background_background&quot;:&quot;classic&quot;}\">\n\t\t\t\t\t\t<div class=\"elementor-container elementor-column-gap-default\">\n\t\t\t\t\t<div class=\"elementor-column elementor-col-100 elementor-top-column elementor-element elementor-element-4ab2ac86\" data-id=\"4ab2ac86\" data-element_type=\"column\">\n\t\t\t<div class=\"elementor-widget-wrap elementor-element-populated\">\n\t\t\t\t\t\t<div class=\"elementor-element elementor-element-341bb883 elementor-widget elementor-widget-heading\" data-id=\"341bb883\" data-element_type=\"widget\" data-widget_type=\"heading.default\">\n\t\t\t\t\t<h2 class=\"elementor-heading-title elementor-size-default\">Maskinf\u00f8rere s\u00f8kes<\/h2>\t\t\t\t<\/div>\n\t\t\t\t<div class=\"elementor-element elementor-element-368dcaac elementor-widget elementor-widget-text-editor\" data-id=\"368dcaac\" data-element_type=\"widget\" data-widget_type=\"text-editor.default\">\n\t\t\t\t\t\t\t\t\t<div class=\"xdj266r x11i5rnm xat24cr x1mh8g0r x1vvkbs x126k92a\"><div dir=\"auto\">Vi trenger flere erfarne maskinf\u00f8rere til v\u00e5r anleggs- og rivningsvirksomhet. Arbeidssted vil v\u00e6re over hele landet der vi har p\u00e5g\u00e5ende prosjekter. Som maskinf\u00f8rer er det viktig at du utf\u00f8rer arbeidet p\u00e5 en sikker, tilfredsstillende og effektiv m\u00e5te. H2 Milj\u00f8 AS har i dag en av landet nyeste og mest moderne maskinpark, tilpasset de oppgavene som skal utf\u00f8res.<\/div><div dir=\"auto\">\u00a0<\/div><\/div><div class=\"x11i5rnm xat24cr x1mh8g0r x1vvkbs xtlvy1s x126k92a\"><div dir=\"auto\"><strong>Arbeidsoppgaver:<\/strong><\/div><ul><li dir=\"auto\">Maskinelle rivearbeider og grunnarbeid<\/li><li dir=\"auto\">Service og vedlikehold av maskin og utstyr<\/li><\/ul><p>\u00a0<\/p><\/div><div class=\"x11i5rnm xat24cr x1mh8g0r x1vvkbs xtlvy1s x126k92a\"><div dir=\"auto\"><strong>Kvalifikasjoner:<\/strong><\/div><ul><li dir=\"auto\">Maskinf\u00f8rerbevis, gjerne med fagbrev<\/li><li dir=\"auto\">Erfaring fra rivearbeid er en fordel, men ikke et krav<\/li><li dir=\"auto\">Erfaring fra grunnarbeid, muring, naturrestaurering, kj\u00f8ring med maskinstyring<\/li><li dir=\"auto\">F\u00f8rerkort klasse B, gjerne BE<\/li><li dir=\"auto\">Beherske godt norsk, b\u00e5de muntlig og skriftlig<\/li><\/ul><p>\u00a0<\/p><div dir=\"auto\"><strong>Personlige egenskaper:<\/strong><\/div><ul><li dir=\"auto\">Du er effektiv<\/li><li dir=\"auto\">Selvstendig og l\u00f8sningsorientert<\/li><li dir=\"auto\">Strukturert<\/li><li dir=\"auto\">Initiativrik<\/li><li dir=\"auto\">Samarbeidsvillig<\/li><li dir=\"auto\">Du er mobil og m\u00e5 kunne reise rundt p\u00e5 prosjekter<\/li><\/ul><\/div><div class=\"x11i5rnm xat24cr x1mh8g0r x1vvkbs xtlvy1s x126k92a\"><p>\u00a0<\/p><div dir=\"auto\"><strong>Arbeidssted:<\/strong> Hele landet<\/div><div dir=\"auto\">\u00a0<\/div><\/div><div class=\"x11i5rnm xat24cr x1mh8g0r x1vvkbs xtlvy1s x126k92a\"><div dir=\"auto\"><strong>Vi tilbyr:<\/strong><\/div><\/div><div class=\"x11i5rnm xat24cr x1mh8g0r x1vvkbs xtlvy1s x126k92a\"><div dir=\"auto\"><strong><em>For alle stillingene kan vi tilby f\u00f8lgende:<\/em><\/strong><\/div><ul><li dir=\"auto\">Gode utviklingsmuligheter i et selskap i vekst, sammen med dyktige kollegaer<\/li><li dir=\"auto\">Du vil bli en del av et arbeidsmilj\u00f8 best\u00e5ende av personell med lang erfaring innen bransjen.<\/li><li dir=\"auto\">Arbeidsbil, gode l\u00f8nnsbetingelser, sv\u00e6rt gode pensjons- og forsikringsordninger, inkl. helseforsikring.<\/li><li dir=\"auto\">Stillingene har gode muligheter for personlig utvikling.<\/li><\/ul><p>\u00a0<\/p><div dir=\"auto\">Vi gleder oss til \u00e5 h\u00f8re fra deg og vi vil vurderer s\u00f8knadene fortl\u00f8pende.<\/div><div dir=\"auto\">\u00a0<\/div><\/div><div class=\"x11i5rnm xat24cr x1mh8g0r x1vvkbs xtlvy1s x126k92a\"><div dir=\"auto\"><strong>Om arbeidsgiveren:<\/strong><\/div><div dir=\"auto\">H2 Milj\u00f8 AS er et godt selskap innen riving og anleggsbransjen. Vi tar p\u00e5 oss oppdrag i hele landet, innen milj\u00f8sanering, riving av alle typer bygg og konstruksjoner, opprydning av forurenset grunn og naturrestaurering. Vi har en ny og moderne maskinpark og dyktige medarbeidere med lang erfaring innen v\u00e5re satsningsomr\u00e5der.<\/div><\/div><div class=\"x11i5rnm xat24cr x1mh8g0r x1vvkbs xtlvy1s x126k92a\"><div dir=\"auto\">Vi legger vekt p\u00e5 \u00e5 skape en trygg og inspirerende arbeidsplass<\/div><\/div><div class=\"x11i5rnm xat24cr x1mh8g0r x1vvkbs xtlvy1s x126k92a\"><div dir=\"auto\">Vi oppfordrer alle kvalifiserte kandidater til \u00e5 s\u00f8ke, uavhengig av etnisitet, alder, legning, kj\u00f8nn, og religion.<\/div><div dir=\"auto\">\u00a0<\/div><\/div><div class=\"x11i5rnm xat24cr x1mh8g0r x1vvkbs xtlvy1s x126k92a\"><div dir=\"auto\">Syns du dette ser interessant ut, ta kontakt med <strong>Agnar Haugen tlf <a href=\"tel:004794815885\">94815885<\/a> <\/strong>eller send en s\u00f8knad p\u00e5 <strong>mail: <a href=\"mailto:agnar@h2miljo.no\">agnar@h2miljo.no<\/a><\/strong><\/div><\/div>\t\t\t\t\t\t\t\t<\/div>\n\t\t\t\t\t<\/div>\n\t\t<\/div>\n\t\t\t\t\t<\/div>\n\t\t<\/section>\n\t\t\t\t<section class=\"elementor-section elementor-top-section elementor-element elementor-element-57d9e714 elementor-section-stretched elementor-section-boxed elementor-section-height-default elementor-section-height-default\" data-id=\"57d9e714\" data-element_type=\"section\" data-settings=\"{&quot;stretch_section&quot;:&quot;section-stretched&quot;,&quot;background_background&quot;:&quot;classic&quot;,&quot;shape_divider_top&quot;:&quot;arrow&quot;,&quot;shape_divider_bottom&quot;:&quot;arrow&quot;}\">\n\t\t\t\t\t<div class=\"elementor-shape elementor-shape-top\" aria-hidden=\"true\" data-negative=\"false\">\n\t\t\t<svg xmlns=\"http:\/\/www.w3.org\/2000\/svg\" viewBox=\"0 0 700 10\" preserveAspectRatio=\"none\">\n\t<path class=\"elementor-shape-fill\" d=\"M350,10L340,0h20L350,10z\"\/>\n<\/svg>\t\t<\/div>\n\t\t\t\t<div class=\"elementor-shape elementor-shape-bottom\" aria-hidden=\"true\" data-negative=\"false\">\n\t\t\t<svg xmlns=\"http:\/\/www.w3.org\/2000\/svg\" viewBox=\"0 0 700 10\" preserveAspectRatio=\"none\">\n\t<path class=\"elementor-shape-fill\" d=\"M350,10L340,0h20L350,10z\"\/>\n<\/svg>\t\t<\/div>\n\t\t\t\t\t<div class=\"elementor-container elementor-column-gap-default\">\n\t\t\t\t\t<div class=\"elementor-column elementor-col-50 elementor-top-column elementor-element elementor-element-4bf727b6\" data-id=\"4bf727b6\" data-element_type=\"column\">\n\t\t\t<div class=\"elementor-widget-wrap elementor-element-populated\">\n\t\t\t\t\t\t<div class=\"elementor-element elementor-element-4d666141 elementor-widget elementor-widget-heading\" data-id=\"4d666141\" data-element_type=\"widget\" data-widget_type=\"heading.default\">\n\t\t\t\t\t<h3 class=\"elementor-heading-title elementor-size-default\">Vil du jobbe med oss?<\/h3>\t\t\t\t<\/div>\n\t\t\t\t<div class=\"elementor-element elementor-element-79b0f1f6 elementor-widget elementor-widget-text-editor\" data-id=\"79b0f1f6\" data-element_type=\"widget\" data-widget_type=\"text-editor.default\">\n\t\t\t\t\t\t\t\t\t<p>H2 Milj\u00f8 er alltid p\u00e5 jakt etter dyktige kollegaer. Se om vi har en ledig stilling som passer for deg, eller send oss gjerne en \u00e5pen s\u00f8knad.\u00a0<\/p>\t\t\t\t\t\t\t\t<\/div>\n\t\t\t\t<div class=\"elementor-element elementor-element-202b8a8e elementor-widget elementor-widget-heading\" data-id=\"202b8a8e\" data-element_type=\"widget\" data-widget_type=\"heading.default\">\n\t\t\t\t\t<h6 class=\"elementor-heading-title elementor-size-default\"><a href=\"https:\/\/www.finn.no\/job\/management\/ad.html?finnkode=314167538\" target=\"_blank\" rel=\"nofollow\">Ledig stilling som kvalitets- og prosjekteringsleder<\/a><\/h6>\t\t\t\t<\/div>\n\t\t\t\t<div class=\"elementor-element elementor-element-74f9dbc7 elementor-mobile-align-center elementor-widget elementor-widget-button\" data-id=\"74f9dbc7\" data-element_type=\"widget\" data-widget_type=\"button.default\">\n\t\t\t\t\t\t\t\t\t\t<a class=\"elementor-button elementor-button-link elementor-size-sm\" href=\"mailto:agnar@h2miljo.no\">\n\t\t\t\t\t\t<span class=\"elementor-button-content-wrapper\">\n\t\t\t\t\t\t\t\t\t<span class=\"elementor-button-text\">Send \u00e5pen s\u00f8knad<\/span>\n\t\t\t\t\t<\/span>\n\t\t\t\t\t<\/a>\n\t\t\t\t\t\t\t\t<\/div>\n\t\t\t\t\t<\/div>\n\t\t<\/div>\n\t\t\t\t<div class=\"elementor-column elementor-col-50 elementor-top-column elementor-element elementor-element-70f14e26\" data-id=\"70f14e26\" data-element_type=\"column\" data-settings=\"{&quot;background_background&quot;:&quot;classic&quot;}\">\n\t\t\t<div class=\"elementor-widget-wrap elementor-element-populated\">\n\t\t\t\t\t\t<div class=\"elementor-element elementor-element-5ad871f2 elementor-widget elementor-widget-spacer\" data-id=\"5ad871f2\" data-element_type=\"widget\" data-widget_type=\"spacer.default\">\n\t\t\t\t\t\t\t<div class=\"elementor-spacer\">\n\t\t\t<div class=\"elementor-spacer-inner\"><\/div>\n\t\t<\/div>\n\t\t\t\t\t\t<\/div>\n\t\t\t\t\t<\/div>\n\t\t<\/div>\n\t\t\t\t\t<\/div>\n\t\t<\/section>\n\t\t\t\t<\/div>\n\t\t","protected":false},"excerpt":{"rendered":"<p>Karriere Ledige stillinger Vi s\u00f8ker stadig nye talenter til v\u00e5r bedrift.\u00a0 Maskinf\u00f8rere s\u00f8kes Vi trenger flere erfarne maskinf\u00f8rere til v\u00e5r anleggs- og rivningsvirksomhet. Arbeidssted vil v\u00e6re over hele landet der vi har p\u00e5g\u00e5ende prosjekter. Som maskinf\u00f8rer er det viktig at du utf\u00f8rer arbeidet p\u00e5 en sikker, tilfredsstillende og effektiv m\u00e5te. H2 Milj\u00f8 AS har i [&hellip;]<\/p>\n","protected":false},"author":1,"featured_media":0,"parent":0,"menu_order":0,"comment_status":"closed","ping_status":"closed","template":"","meta":{"footnotes":""},"class_list":["post-72","page","type-page","status-publish","hentry"],"yoast_head":"<!-- This site is optimized with the Yoast SEO plugin v26.7 - https:\/\/yoast.com\/wordpress\/plugins\/seo\/ -->\n<title>Karriere - H2 Orka<\/title>\n<meta name=\"robots\" content=\"index, follow, max-snippet:-1, max-image-preview:large, max-video-preview:-1\" \/>\n<link rel=\"canonical\" href=\"https:\/\/cranky-mendeleev.217-170-194-30.plesk.page\/index.php\/karriere\/\" \/>\n<meta property=\"og:locale\" content=\"nb_NO\" \/>\n<meta property=\"og:type\" content=\"article\" \/>\n<meta property=\"og:title\" content=\"Karriere - H2 Orka\" \/>\n<meta property=\"og:description\" content=\"Karriere Ledige stillinger Vi s\u00f8ker stadig nye talenter til v\u00e5r bedrift.\u00a0 Maskinf\u00f8rere s\u00f8kes Vi trenger flere erfarne maskinf\u00f8rere til v\u00e5r anleggs- og rivningsvirksomhet. Arbeidssted vil v\u00e6re over hele landet der vi har p\u00e5g\u00e5ende prosjekter. Som maskinf\u00f8rer er det viktig at du utf\u00f8rer arbeidet p\u00e5 en sikker, tilfredsstillende og effektiv m\u00e5te. H2 Milj\u00f8 AS har i [&hellip;]\" \/>\n<meta property=\"og:url\" content=\"https:\/\/cranky-mendeleev.217-170-194-30.plesk.page\/index.php\/karriere\/\" \/>\n<meta property=\"og:site_name\" content=\"H2 Orka\" \/>\n<meta property=\"article:modified_time\" content=\"2026-01-13T11:21:52+00:00\" \/>\n<meta name=\"twitter:card\" content=\"summary_large_image\" \/>\n<meta name=\"twitter:label1\" content=\"Ansl. lesetid\" \/>\n\t<meta name=\"twitter:data1\" content=\"2 minutter\" \/>\n<script type=\"application\/ld+json\" class=\"yoast-schema-graph\">{\"@context\":\"https:\/\/schema.org\",\"@graph\":[{\"@type\":\"WebPage\",\"@id\":\"https:\/\/cranky-mendeleev.217-170-194-30.plesk.page\/index.php\/karriere\/\",\"url\":\"https:\/\/cranky-mendeleev.217-170-194-30.plesk.page\/index.php\/karriere\/\",\"name\":\"Karriere - H2 Orka\",\"isPartOf\":{\"@id\":\"https:\/\/cranky-mendeleev.217-170-194-30.plesk.page\/#website\"},\"datePublished\":\"2026-01-13T11:21:30+00:00\",\"dateModified\":\"2026-01-13T11:21:52+00:00\",\"breadcrumb\":{\"@id\":\"https:\/\/cranky-mendeleev.217-170-194-30.plesk.page\/index.php\/karriere\/#breadcrumb\"},\"inLanguage\":\"nb-NO\",\"potentialAction\":[{\"@type\":\"ReadAction\",\"target\":[\"https:\/\/cranky-mendeleev.217-170-194-30.plesk.page\/index.php\/karriere\/\"]}]},{\"@type\":\"BreadcrumbList\",\"@id\":\"https:\/\/cranky-mendeleev.217-170-194-30.plesk.page\/index.php\/karriere\/#breadcrumb\",\"itemListElement\":[{\"@type\":\"ListItem\",\"position\":1,\"name\":\"Hjem\",\"item\":\"https:\/\/cranky-mendeleev.217-170-194-30.plesk.page\/\"},{\"@type\":\"ListItem\",\"position\":2,\"name\":\"Karriere\"}]},{\"@type\":\"WebSite\",\"@id\":\"https:\/\/cranky-mendeleev.217-170-194-30.plesk.page\/#website\",\"url\":\"https:\/\/cranky-mendeleev.217-170-194-30.plesk.page\/\",\"name\":\"H2 Orka\",\"description\":\"\",\"potentialAction\":[{\"@type\":\"SearchAction\",\"target\":{\"@type\":\"EntryPoint\",\"urlTemplate\":\"https:\/\/cranky-mendeleev.217-170-194-30.plesk.page\/?s={search_term_string}\"},\"query-input\":{\"@type\":\"PropertyValueSpecification\",\"valueRequired\":true,\"valueName\":\"search_term_string\"}}],\"inLanguage\":\"nb-NO\"}]}<\/script>\n<!-- \/ Yoast SEO plugin. -->","yoast_head_json":{"title":"Karriere - H2 Orka","robots":{"index":"index","follow":"follow","max-snippet":"max-snippet:-1","max-image-preview":"max-image-preview:large","max-video-preview":"max-video-preview:-1"},"canonical":"https:\/\/cranky-mendeleev.217-170-194-30.plesk.page\/index.php\/karriere\/","og_locale":"nb_NO","og_type":"article","og_title":"Karriere - H2 Orka","og_description":"Karriere Ledige stillinger Vi s\u00f8ker stadig nye talenter til v\u00e5r bedrift.\u00a0 Maskinf\u00f8rere s\u00f8kes Vi trenger flere erfarne maskinf\u00f8rere til v\u00e5r anleggs- og rivningsvirksomhet. Arbeidssted vil v\u00e6re over hele landet der vi har p\u00e5g\u00e5ende prosjekter. Som maskinf\u00f8rer er det viktig at du utf\u00f8rer arbeidet p\u00e5 en sikker, tilfredsstillende og effektiv m\u00e5te. H2 Milj\u00f8 AS har i [&hellip;]","og_url":"https:\/\/cranky-mendeleev.217-170-194-30.plesk.page\/index.php\/karriere\/","og_site_name":"H2 Orka","article_modified_time":"2026-01-13T11:21:52+00:00","twitter_card":"summary_large_image","twitter_misc":{"Ansl. lesetid":"2 minutter"},"schema":{"@context":"https:\/\/schema.org","@graph":[{"@type":"WebPage","@id":"https:\/\/cranky-mendeleev.217-170-194-30.plesk.page\/index.php\/karriere\/","url":"https:\/\/cranky-mendeleev.217-170-194-30.plesk.page\/index.php\/karriere\/","name":"Karriere - H2 Orka","isPartOf":{"@id":"https:\/\/cranky-mendeleev.217-170-194-30.plesk.page\/#website"},"datePublished":"2026-01-13T11:21:30+00:00","dateModified":"2026-01-13T11:21:52+00:00","breadcrumb":{"@id":"https:\/\/cranky-mendeleev.217-170-194-30.plesk.page\/index.php\/karriere\/#breadcrumb"},"inLanguage":"nb-NO","potentialAction":[{"@type":"ReadAction","target":["https:\/\/cranky-mendeleev.217-170-194-30.plesk.page\/index.php\/karriere\/"]}]},{"@type":"BreadcrumbList","@id":"https:\/\/cranky-mendeleev.217-170-194-30.plesk.page\/index.php\/karriere\/#breadcrumb","itemListElement":[{"@type":"ListItem","position":1,"name":"Hjem","item":"https:\/\/cranky-mendeleev.217-170-194-30.plesk.page\/"},{"@type":"ListItem","position":2,"name":"Karriere"}]},{"@type":"WebSite","@id":"https:\/\/cranky-mendeleev.217-170-194-30.plesk.page\/#website","url":"https:\/\/cranky-mendeleev.217-170-194-30.plesk.page\/","name":"H2 Orka","description":"","potentialAction":[{"@type":"SearchAction","target":{"@type":"EntryPoint","urlTemplate":"https:\/\/cranky-mendeleev.217-170-194-30.plesk.page\/?s={search_term_string}"},"query-input":{"@type":"PropertyValueSpecification","valueRequired":true,"valueName":"search_term_string"}}],"inLanguage":"nb-NO"}]}},"_links":{"self":[{"href":"https:\/\/cranky-mendeleev.217-170-194-30.plesk.page\/index.php\/wp-json\/wp\/v2\/pages\/72","targetHints":{"allow":["GET"]}}],"collection":[{"href":"https:\/\/cranky-mendeleev.217-170-194-30.plesk.page\/index.php\/wp-json\/wp\/v2\/pages"}],"about":[{"href":"https:\/\/cranky-mendeleev.217-170-194-30.plesk.page\/index.php\/wp-json\/wp\/v2\/types\/page"}],"author":[{"embeddable":true,"href":"https:\/\/cranky-mendeleev.217-170-194-30.plesk.page\/index.php\/wp-json\/wp\/v2\/users\/1"}],"replies":[{"embeddable":true,"href":"https:\/\/cranky-mendeleev.217-170-194-30.plesk.page\/index.php\/wp-json\/wp\/v2\/comments?post=72"}],"version-history":[{"count":4,"href":"https:\/\/cranky-mendeleev.217-170-194-30.plesk.page\/index.php\/wp-json\/wp\/v2\/pages\/72\/revisions"}],"predecessor-version":[{"id":181,"href":"https:\/\/cranky-mendeleev.217-170-194-30.plesk.page\/index.php\/wp-json\/wp\/v2\/pages\/72\/revisions\/181"}],"wp:attachment":[{"href":"https:\/\/cranky-mendeleev.217-170-194-30.plesk.page\/index.php\/wp-json\/wp\/v2\/media?parent=72"}],"curies":[{"name":"wp","href":"https:\/\/api.w.org\/{rel}","templated":true}]}}