{"id":86,"date":"2026-01-13T11:21:32","date_gmt":"2026-01-13T11:21:32","guid":{"rendered":"https:\/\/cranky-mendeleev.217-170-194-30.plesk.page\/index.php\/naturrestaurering\/"},"modified":"2026-01-13T11:21:53","modified_gmt":"2026-01-13T11:21:53","slug":"naturrestaurering","status":"publish","type":"page","link":"https:\/\/cranky-mendeleev.217-170-194-30.plesk.page\/index.php\/naturrestaurering\/","title":{"rendered":"Naturrestaurering"},"content":{"rendered":"\t\t<div data-elementor-type=\"wp-page\" data-elementor-id=\"86\" class=\"elementor elementor-86\" data-elementor-post-type=\"page\">\n\t\t\t\t\t\t<header class=\"elementor-section elementor-top-section elementor-element elementor-element-778b3d96 elementor-section-full_width elementor-section-height-min-height elementor-section-stretched elementor-section-height-default elementor-section-items-middle\" data-id=\"778b3d96\" data-element_type=\"section\" data-settings=\"{&quot;stretch_section&quot;:&quot;section-stretched&quot;,&quot;background_background&quot;:&quot;classic&quot;,&quot;shape_divider_bottom&quot;:&quot;arrow&quot;,&quot;shape_divider_bottom_negative&quot;:&quot;yes&quot;}\">\n\t\t\t\t\t\t\t<div class=\"elementor-background-overlay\"><\/div>\n\t\t\t\t\t\t<div class=\"elementor-shape elementor-shape-bottom\" aria-hidden=\"true\" data-negative=\"true\">\n\t\t\t<svg xmlns=\"http:\/\/www.w3.org\/2000\/svg\" viewBox=\"0 0 700 10\" preserveAspectRatio=\"none\">\n\t<path class=\"elementor-shape-fill\" d=\"M360 0L350 9.9 340 0 0 0 0 10 700 10 700 0\"\/>\n<\/svg>\t\t<\/div>\n\t\t\t\t\t<div class=\"elementor-container elementor-column-gap-no\">\n\t\t\t\t\t<div class=\"elementor-column elementor-col-100 elementor-top-column elementor-element elementor-element-28913577\" data-id=\"28913577\" data-element_type=\"column\" data-settings=\"{&quot;background_background&quot;:&quot;classic&quot;}\">\n\t\t\t<div class=\"elementor-widget-wrap elementor-element-populated\">\n\t\t\t\t\t\t<div class=\"elementor-element elementor-element-25f53c91 elementor-widget elementor-widget-heading\" data-id=\"25f53c91\" data-element_type=\"widget\" data-widget_type=\"heading.default\">\n\t\t\t\t\t<span class=\"elementor-heading-title elementor-size-large\">V\u00e5re Tjenester<\/span>\t\t\t\t<\/div>\n\t\t\t\t<div class=\"elementor-element elementor-element-515e2d44 elementor-widget elementor-widget-heading\" data-id=\"515e2d44\" data-element_type=\"widget\" data-widget_type=\"heading.default\">\n\t\t\t\t\t<h1 class=\"elementor-heading-title elementor-size-default\">Naturrestaurering<\/h1>\t\t\t\t<\/div>\n\t\t\t\t\t<\/div>\n\t\t<\/div>\n\t\t\t\t\t<\/div>\n\t\t<\/header>\n\t\t\t\t<section class=\"elementor-section elementor-top-section elementor-element elementor-element-64c86e58 elementor-section-stretched elementor-section-boxed elementor-section-height-default elementor-section-height-default\" data-id=\"64c86e58\" data-element_type=\"section\" data-settings=\"{&quot;stretch_section&quot;:&quot;section-stretched&quot;,&quot;background_background&quot;:&quot;classic&quot;,&quot;shape_divider_top&quot;:&quot;arrow&quot;}\">\n\t\t\t\t\t<div class=\"elementor-shape elementor-shape-top\" aria-hidden=\"true\" data-negative=\"false\">\n\t\t\t<svg xmlns=\"http:\/\/www.w3.org\/2000\/svg\" viewBox=\"0 0 700 10\" preserveAspectRatio=\"none\">\n\t<path class=\"elementor-shape-fill\" d=\"M350,10L340,0h20L350,10z\"\/>\n<\/svg>\t\t<\/div>\n\t\t\t\t\t<div class=\"elementor-container elementor-column-gap-default\">\n\t\t\t\t\t<div class=\"elementor-column elementor-col-100 elementor-top-column elementor-element elementor-element-3b1ad276\" data-id=\"3b1ad276\" data-element_type=\"column\">\n\t\t\t<div class=\"elementor-widget-wrap elementor-element-populated\">\n\t\t\t\t\t\t<div class=\"elementor-element elementor-element-45ec7094 elementor-widget elementor-widget-heading\" data-id=\"45ec7094\" data-element_type=\"widget\" data-widget_type=\"heading.default\">\n\t\t\t\t\t<h2 class=\"elementor-heading-title elementor-size-default\">vi utf\u00f8rer naturrestaurering<\/h2>\t\t\t\t<\/div>\n\t\t\t\t<div class=\"elementor-element elementor-element-613c2095 elementor-widget elementor-widget-text-editor\" data-id=\"613c2095\" data-element_type=\"widget\" data-widget_type=\"text-editor.default\">\n\t\t\t\t\t\t\t\t\t<p>Naturrestaurering\u00a0betyr at vi gjenoppretter og forbedrer de \u00f8kologiske forholdene og naturverdiene i omr\u00e5der som er forringet eller \u00f8delagt.<\/p>\t\t\t\t\t\t\t\t<\/div>\n\t\t\t\t<div class=\"elementor-element elementor-element-31377790 elementor-widget-divider--view-line elementor-widget elementor-widget-divider\" data-id=\"31377790\" data-element_type=\"widget\" data-widget_type=\"divider.default\">\n\t\t\t\t\t\t\t<div class=\"elementor-divider\">\n\t\t\t<span class=\"elementor-divider-separator\">\n\t\t\t\t\t\t<\/span>\n\t\t<\/div>\n\t\t\t\t\t\t<\/div>\n\t\t\t\t\t<\/div>\n\t\t<\/div>\n\t\t\t\t\t<\/div>\n\t\t<\/section>\n\t\t\t\t<section class=\"elementor-section elementor-top-section elementor-element elementor-element-2d45ceb6 elementor-section-stretched elementor-section-boxed elementor-section-height-default elementor-section-height-default\" data-id=\"2d45ceb6\" data-element_type=\"section\" data-settings=\"{&quot;stretch_section&quot;:&quot;section-stretched&quot;,&quot;background_background&quot;:&quot;classic&quot;}\">\n\t\t\t\t\t\t<div class=\"elementor-container elementor-column-gap-default\">\n\t\t\t\t\t<div class=\"elementor-column elementor-col-50 elementor-top-column elementor-element elementor-element-7d8ebf7c\" data-id=\"7d8ebf7c\" data-element_type=\"column\">\n\t\t\t<div class=\"elementor-widget-wrap elementor-element-populated\">\n\t\t\t\t\t\t<div class=\"elementor-element elementor-element-63b754a7 elementor-widget elementor-widget-heading\" data-id=\"63b754a7\" data-element_type=\"widget\" data-widget_type=\"heading.default\">\n\t\t\t\t\t<h3 class=\"elementor-heading-title elementor-size-default\">Naturrestaurering<\/h3>\t\t\t\t<\/div>\n\t\t\t\t<div class=\"elementor-element elementor-element-61a71abe elementor-widget elementor-widget-text-editor\" data-id=\"61a71abe\" data-element_type=\"widget\" data-widget_type=\"text-editor.default\">\n\t\t\t\t\t\t\t\t\t<p>FN har utpekt 2021 \u2013 2030 til verdens ti\u00e5r for restaurering av \u00f8kosystemer.<\/p><p>Naturrestaurering er tiltak for \u00e5 reparere og forbedre natur og \u00f8kosystemer som er \u00f8delagt eller forstyrret.<\/p><p>Torvmyr st\u00e5r for ca 1\/3 av verdens karbonlager i jord, og s\u00e5 lenge det er h\u00f8y vannstand i myren binder den opp mer CO2 fra atmosf\u00e6ren enn den slipper ut, og karbonet blir lagret i myra. Torvmyr har ogs\u00e5 en stor betydning som leveomr\u00e5der for flere truede arter av fugler, insekter, planter og moser. Den har ogs\u00e5 en annen viktig funksjon som omhandler vannrensing og i noen tilfeller flomdemping.<\/p><p>N\u00e5r det opparbeides gr\u00f8fter i myr, senkes vannstanden og torven f\u00e5r tilgang p\u00e5 oksygen. Da brytes torvlaget ned og karbon slippes ut i atmosf\u00e6ren og leveomr\u00e5dene for truede arter forsvinner.<\/p><p>H2 Milj\u00f8 har erfaring fra restaurering av natur, b\u00e5de fra torvmyrrestaurering og restaurering av skytefelt\/skytebaner etc. og kan bist\u00e5 dere ved slike prosjekter.<\/p><p>Ta gjerne kontakt med oss for mer informasjon om naturrestaurering.<\/p>\t\t\t\t\t\t\t\t<\/div>\n\t\t\t\t<div class=\"elementor-element elementor-element-2c3a38f9 elementor-mobile-align-center elementor-widget elementor-widget-button\" data-id=\"2c3a38f9\" data-element_type=\"widget\" data-widget_type=\"button.default\">\n\t\t\t\t\t\t\t\t\t\t<a class=\"elementor-button elementor-button-link elementor-size-sm\" href=\"\/kontakt-oss\">\n\t\t\t\t\t\t<span class=\"elementor-button-content-wrapper\">\n\t\t\t\t\t\t\t\t\t<span class=\"elementor-button-text\">Kontakt oss<\/span>\n\t\t\t\t\t<\/span>\n\t\t\t\t\t<\/a>\n\t\t\t\t\t\t\t\t<\/div>\n\t\t\t\t\t<\/div>\n\t\t<\/div>\n\t\t\t\t<div class=\"elementor-column elementor-col-50 elementor-top-column elementor-element elementor-element-28503d73\" data-id=\"28503d73\" data-element_type=\"column\" data-settings=\"{&quot;background_background&quot;:&quot;classic&quot;}\">\n\t\t\t<div class=\"elementor-widget-wrap elementor-element-populated\">\n\t\t\t\t\t\t<div class=\"elementor-element elementor-element-67f9b056 elementor-skin-carousel elementor-arrows-yes elementor-widget elementor-widget-media-carousel\" data-id=\"67f9b056\" data-element_type=\"widget\" data-settings=\"{&quot;skin&quot;:&quot;carousel&quot;,&quot;effect&quot;:&quot;slide&quot;,&quot;show_arrows&quot;:&quot;yes&quot;,&quot;speed&quot;:500,&quot;autoplay&quot;:&quot;yes&quot;,&quot;autoplay_speed&quot;:5000,&quot;loop&quot;:&quot;yes&quot;,&quot;pause_on_hover&quot;:&quot;yes&quot;,&quot;pause_on_interaction&quot;:&quot;yes&quot;,&quot;space_between&quot;:{&quot;unit&quot;:&quot;px&quot;,&quot;size&quot;:10,&quot;sizes&quot;:[]},&quot;space_between_tablet_extra&quot;:{&quot;unit&quot;:&quot;px&quot;,&quot;size&quot;:10,&quot;sizes&quot;:[]},&quot;space_between_tablet&quot;:{&quot;unit&quot;:&quot;px&quot;,&quot;size&quot;:10,&quot;sizes&quot;:[]},&quot;space_between_mobile&quot;:{&quot;unit&quot;:&quot;px&quot;,&quot;size&quot;:10,&quot;sizes&quot;:[]}}\" data-widget_type=\"media-carousel.default\">\n\t\t\t\t<div class=\"elementor-widget-container\">\n\t\t\t\t\t\t\t<div class=\"elementor-swiper\">\n\t\t\t<div class=\"elementor-main-swiper swiper-container\">\n\t\t\t\t<div class=\"swiper-wrapper\">\n\t\t\t\t\t\t\t\t\t\t\t<div class=\"swiper-slide\">\n\t\t\t\t\t\t\t\t\t<div class=\"elementor-carousel-image\" role=\"img\" aria-label=\"myromrade_naturrestaurering.jpg\" style=\"background-image: url(&#039;https:\/\/cranky-mendeleev.217-170-194-30.plesk.page\/wp-content\/uploads\/2026\/01\/myromrade_naturrestaurering.jpg&#039;)\">\n\n\t\t\t\n\t\t\t\t\t<\/div>\n\t\t\t\t\t\t\t\t<\/div>\n\t\t\t\t\t\t\t\t\t<\/div>\n\t\t\t\t\t\t\t<\/div>\n\t\t<\/div>\n\t\t\t\t\t\t<\/div>\n\t\t\t\t<\/div>\n\t\t\t\t\t<\/div>\n\t\t<\/div>\n\t\t\t\t\t<\/div>\n\t\t<\/section>\n\t\t\t\t<\/div>\n\t\t","protected":false},"excerpt":{"rendered":"<p>V\u00e5re Tjenester Naturrestaurering vi utf\u00f8rer naturrestaurering Naturrestaurering\u00a0betyr at vi gjenoppretter og forbedrer de \u00f8kologiske forholdene og naturverdiene i omr\u00e5der som er forringet eller \u00f8delagt. Naturrestaurering FN har utpekt 2021 \u2013 2030 til verdens ti\u00e5r for restaurering av \u00f8kosystemer. Naturrestaurering er tiltak for \u00e5 reparere og forbedre natur og \u00f8kosystemer som er \u00f8delagt eller forstyrret. Torvmyr [&hellip;]<\/p>\n","protected":false},"author":1,"featured_media":0,"parent":0,"menu_order":0,"comment_status":"closed","ping_status":"closed","template":"","meta":{"footnotes":""},"class_list":["post-86","page","type-page","status-publish","hentry"],"yoast_head":"<!-- This site is optimized with the Yoast SEO plugin v26.7 - https:\/\/yoast.com\/wordpress\/plugins\/seo\/ -->\n<title>Naturrestaurering - H2 Orka<\/title>\n<meta name=\"robots\" content=\"index, follow, max-snippet:-1, max-image-preview:large, max-video-preview:-1\" \/>\n<link rel=\"canonical\" href=\"https:\/\/cranky-mendeleev.217-170-194-30.plesk.page\/index.php\/naturrestaurering\/\" \/>\n<meta property=\"og:locale\" content=\"nb_NO\" \/>\n<meta property=\"og:type\" content=\"article\" \/>\n<meta property=\"og:title\" content=\"Naturrestaurering - H2 Orka\" \/>\n<meta property=\"og:description\" content=\"V\u00e5re Tjenester Naturrestaurering vi utf\u00f8rer naturrestaurering Naturrestaurering\u00a0betyr at vi gjenoppretter og forbedrer de \u00f8kologiske forholdene og naturverdiene i omr\u00e5der som er forringet eller \u00f8delagt. Naturrestaurering FN har utpekt 2021 \u2013 2030 til verdens ti\u00e5r for restaurering av \u00f8kosystemer. Naturrestaurering er tiltak for \u00e5 reparere og forbedre natur og \u00f8kosystemer som er \u00f8delagt eller forstyrret. Torvmyr [&hellip;]\" \/>\n<meta property=\"og:url\" content=\"https:\/\/cranky-mendeleev.217-170-194-30.plesk.page\/index.php\/naturrestaurering\/\" \/>\n<meta property=\"og:site_name\" content=\"H2 Orka\" \/>\n<meta property=\"article:modified_time\" content=\"2026-01-13T11:21:53+00:00\" \/>\n<meta name=\"twitter:card\" content=\"summary_large_image\" \/>\n<meta name=\"twitter:label1\" content=\"Ansl. lesetid\" \/>\n\t<meta name=\"twitter:data1\" content=\"1 minutt\" \/>\n<script type=\"application\/ld+json\" class=\"yoast-schema-graph\">{\"@context\":\"https:\/\/schema.org\",\"@graph\":[{\"@type\":\"WebPage\",\"@id\":\"https:\/\/cranky-mendeleev.217-170-194-30.plesk.page\/index.php\/naturrestaurering\/\",\"url\":\"https:\/\/cranky-mendeleev.217-170-194-30.plesk.page\/index.php\/naturrestaurering\/\",\"name\":\"Naturrestaurering - H2 Orka\",\"isPartOf\":{\"@id\":\"https:\/\/cranky-mendeleev.217-170-194-30.plesk.page\/#website\"},\"datePublished\":\"2026-01-13T11:21:32+00:00\",\"dateModified\":\"2026-01-13T11:21:53+00:00\",\"breadcrumb\":{\"@id\":\"https:\/\/cranky-mendeleev.217-170-194-30.plesk.page\/index.php\/naturrestaurering\/#breadcrumb\"},\"inLanguage\":\"nb-NO\",\"potentialAction\":[{\"@type\":\"ReadAction\",\"target\":[\"https:\/\/cranky-mendeleev.217-170-194-30.plesk.page\/index.php\/naturrestaurering\/\"]}]},{\"@type\":\"BreadcrumbList\",\"@id\":\"https:\/\/cranky-mendeleev.217-170-194-30.plesk.page\/index.php\/naturrestaurering\/#breadcrumb\",\"itemListElement\":[{\"@type\":\"ListItem\",\"position\":1,\"name\":\"Hjem\",\"item\":\"https:\/\/cranky-mendeleev.217-170-194-30.plesk.page\/\"},{\"@type\":\"ListItem\",\"position\":2,\"name\":\"Naturrestaurering\"}]},{\"@type\":\"WebSite\",\"@id\":\"https:\/\/cranky-mendeleev.217-170-194-30.plesk.page\/#website\",\"url\":\"https:\/\/cranky-mendeleev.217-170-194-30.plesk.page\/\",\"name\":\"H2 Orka\",\"description\":\"\",\"potentialAction\":[{\"@type\":\"SearchAction\",\"target\":{\"@type\":\"EntryPoint\",\"urlTemplate\":\"https:\/\/cranky-mendeleev.217-170-194-30.plesk.page\/?s={search_term_string}\"},\"query-input\":{\"@type\":\"PropertyValueSpecification\",\"valueRequired\":true,\"valueName\":\"search_term_string\"}}],\"inLanguage\":\"nb-NO\"}]}<\/script>\n<!-- \/ Yoast SEO plugin. -->","yoast_head_json":{"title":"Naturrestaurering - H2 Orka","robots":{"index":"index","follow":"follow","max-snippet":"max-snippet:-1","max-image-preview":"max-image-preview:large","max-video-preview":"max-video-preview:-1"},"canonical":"https:\/\/cranky-mendeleev.217-170-194-30.plesk.page\/index.php\/naturrestaurering\/","og_locale":"nb_NO","og_type":"article","og_title":"Naturrestaurering - H2 Orka","og_description":"V\u00e5re Tjenester Naturrestaurering vi utf\u00f8rer naturrestaurering Naturrestaurering\u00a0betyr at vi gjenoppretter og forbedrer de \u00f8kologiske forholdene og naturverdiene i omr\u00e5der som er forringet eller \u00f8delagt. Naturrestaurering FN har utpekt 2021 \u2013 2030 til verdens ti\u00e5r for restaurering av \u00f8kosystemer. Naturrestaurering er tiltak for \u00e5 reparere og forbedre natur og \u00f8kosystemer som er \u00f8delagt eller forstyrret. Torvmyr [&hellip;]","og_url":"https:\/\/cranky-mendeleev.217-170-194-30.plesk.page\/index.php\/naturrestaurering\/","og_site_name":"H2 Orka","article_modified_time":"2026-01-13T11:21:53+00:00","twitter_card":"summary_large_image","twitter_misc":{"Ansl. lesetid":"1 minutt"},"schema":{"@context":"https:\/\/schema.org","@graph":[{"@type":"WebPage","@id":"https:\/\/cranky-mendeleev.217-170-194-30.plesk.page\/index.php\/naturrestaurering\/","url":"https:\/\/cranky-mendeleev.217-170-194-30.plesk.page\/index.php\/naturrestaurering\/","name":"Naturrestaurering - H2 Orka","isPartOf":{"@id":"https:\/\/cranky-mendeleev.217-170-194-30.plesk.page\/#website"},"datePublished":"2026-01-13T11:21:32+00:00","dateModified":"2026-01-13T11:21:53+00:00","breadcrumb":{"@id":"https:\/\/cranky-mendeleev.217-170-194-30.plesk.page\/index.php\/naturrestaurering\/#breadcrumb"},"inLanguage":"nb-NO","potentialAction":[{"@type":"ReadAction","target":["https:\/\/cranky-mendeleev.217-170-194-30.plesk.page\/index.php\/naturrestaurering\/"]}]},{"@type":"BreadcrumbList","@id":"https:\/\/cranky-mendeleev.217-170-194-30.plesk.page\/index.php\/naturrestaurering\/#breadcrumb","itemListElement":[{"@type":"ListItem","position":1,"name":"Hjem","item":"https:\/\/cranky-mendeleev.217-170-194-30.plesk.page\/"},{"@type":"ListItem","position":2,"name":"Naturrestaurering"}]},{"@type":"WebSite","@id":"https:\/\/cranky-mendeleev.217-170-194-30.plesk.page\/#website","url":"https:\/\/cranky-mendeleev.217-170-194-30.plesk.page\/","name":"H2 Orka","description":"","potentialAction":[{"@type":"SearchAction","target":{"@type":"EntryPoint","urlTemplate":"https:\/\/cranky-mendeleev.217-170-194-30.plesk.page\/?s={search_term_string}"},"query-input":{"@type":"PropertyValueSpecification","valueRequired":true,"valueName":"search_term_string"}}],"inLanguage":"nb-NO"}]}},"_links":{"self":[{"href":"https:\/\/cranky-mendeleev.217-170-194-30.plesk.page\/index.php\/wp-json\/wp\/v2\/pages\/86","targetHints":{"allow":["GET"]}}],"collection":[{"href":"https:\/\/cranky-mendeleev.217-170-194-30.plesk.page\/index.php\/wp-json\/wp\/v2\/pages"}],"about":[{"href":"https:\/\/cranky-mendeleev.217-170-194-30.plesk.page\/index.php\/wp-json\/wp\/v2\/types\/page"}],"author":[{"embeddable":true,"href":"https:\/\/cranky-mendeleev.217-170-194-30.plesk.page\/index.php\/wp-json\/wp\/v2\/users\/1"}],"replies":[{"embeddable":true,"href":"https:\/\/cranky-mendeleev.217-170-194-30.plesk.page\/index.php\/wp-json\/wp\/v2\/comments?post=86"}],"version-history":[{"count":4,"href":"https:\/\/cranky-mendeleev.217-170-194-30.plesk.page\/index.php\/wp-json\/wp\/v2\/pages\/86\/revisions"}],"predecessor-version":[{"id":187,"href":"https:\/\/cranky-mendeleev.217-170-194-30.plesk.page\/index.php\/wp-json\/wp\/v2\/pages\/86\/revisions\/187"}],"wp:attachment":[{"href":"https:\/\/cranky-mendeleev.217-170-194-30.plesk.page\/index.php\/wp-json\/wp\/v2\/media?parent=86"}],"curies":[{"name":"wp","href":"https:\/\/api.w.org\/{rel}","templated":true}]}}