{"id":90,"date":"2026-01-13T11:21:33","date_gmt":"2026-01-13T11:21:33","guid":{"rendered":"https:\/\/cranky-mendeleev.217-170-194-30.plesk.page\/index.php\/handtering-av-forurenset-grunn\/"},"modified":"2026-01-13T11:21:53","modified_gmt":"2026-01-13T11:21:53","slug":"handtering-av-forurenset-grunn","status":"publish","type":"page","link":"https:\/\/cranky-mendeleev.217-170-194-30.plesk.page\/index.php\/handtering-av-forurenset-grunn\/","title":{"rendered":"H\u00e5ndtering av forurenset grunn"},"content":{"rendered":"\t\t<div data-elementor-type=\"wp-page\" data-elementor-id=\"90\" class=\"elementor elementor-90\" data-elementor-post-type=\"page\">\n\t\t\t\t\t\t<header class=\"elementor-section elementor-top-section elementor-element elementor-element-79d42d69 elementor-section-full_width elementor-section-height-min-height elementor-section-stretched elementor-section-height-default elementor-section-items-middle\" data-id=\"79d42d69\" data-element_type=\"section\" data-settings=\"{&quot;stretch_section&quot;:&quot;section-stretched&quot;,&quot;background_background&quot;:&quot;classic&quot;,&quot;shape_divider_bottom&quot;:&quot;arrow&quot;,&quot;shape_divider_bottom_negative&quot;:&quot;yes&quot;}\">\n\t\t\t\t\t\t\t<div class=\"elementor-background-overlay\"><\/div>\n\t\t\t\t\t\t<div class=\"elementor-shape elementor-shape-bottom\" aria-hidden=\"true\" data-negative=\"true\">\n\t\t\t<svg xmlns=\"http:\/\/www.w3.org\/2000\/svg\" viewBox=\"0 0 700 10\" preserveAspectRatio=\"none\">\n\t<path class=\"elementor-shape-fill\" d=\"M360 0L350 9.9 340 0 0 0 0 10 700 10 700 0\"\/>\n<\/svg>\t\t<\/div>\n\t\t\t\t\t<div class=\"elementor-container elementor-column-gap-no\">\n\t\t\t\t\t<div class=\"elementor-column elementor-col-100 elementor-top-column elementor-element elementor-element-7ab20475\" data-id=\"7ab20475\" data-element_type=\"column\" data-settings=\"{&quot;background_background&quot;:&quot;classic&quot;}\">\n\t\t\t<div class=\"elementor-widget-wrap elementor-element-populated\">\n\t\t\t\t\t\t<div class=\"elementor-element elementor-element-d5260a3 elementor-widget elementor-widget-heading\" data-id=\"d5260a3\" data-element_type=\"widget\" data-widget_type=\"heading.default\">\n\t\t\t\t\t<span class=\"elementor-heading-title elementor-size-large\">V\u00e5re Tjenester<\/span>\t\t\t\t<\/div>\n\t\t\t\t<div class=\"elementor-element elementor-element-4abedfdd elementor-widget elementor-widget-heading\" data-id=\"4abedfdd\" data-element_type=\"widget\" data-widget_type=\"heading.default\">\n\t\t\t\t\t<h1 class=\"elementor-heading-title elementor-size-default\">Forurenset grunn<\/h1>\t\t\t\t<\/div>\n\t\t\t\t\t<\/div>\n\t\t<\/div>\n\t\t\t\t\t<\/div>\n\t\t<\/header>\n\t\t\t\t<section class=\"elementor-section elementor-top-section elementor-element elementor-element-1ae936ff elementor-section-stretched elementor-section-boxed elementor-section-height-default elementor-section-height-default\" data-id=\"1ae936ff\" data-element_type=\"section\" data-settings=\"{&quot;stretch_section&quot;:&quot;section-stretched&quot;,&quot;background_background&quot;:&quot;classic&quot;,&quot;shape_divider_top&quot;:&quot;arrow&quot;}\">\n\t\t\t\t\t<div class=\"elementor-shape elementor-shape-top\" aria-hidden=\"true\" data-negative=\"false\">\n\t\t\t<svg xmlns=\"http:\/\/www.w3.org\/2000\/svg\" viewBox=\"0 0 700 10\" preserveAspectRatio=\"none\">\n\t<path class=\"elementor-shape-fill\" d=\"M350,10L340,0h20L350,10z\"\/>\n<\/svg>\t\t<\/div>\n\t\t\t\t\t<div class=\"elementor-container elementor-column-gap-default\">\n\t\t\t\t\t<div class=\"elementor-column elementor-col-100 elementor-top-column elementor-element elementor-element-5b8154b1\" data-id=\"5b8154b1\" data-element_type=\"column\">\n\t\t\t<div class=\"elementor-widget-wrap elementor-element-populated\">\n\t\t\t\t\t\t<div class=\"elementor-element elementor-element-6829a283 elementor-widget elementor-widget-heading\" data-id=\"6829a283\" data-element_type=\"widget\" data-widget_type=\"heading.default\">\n\t\t\t\t\t<h2 class=\"elementor-heading-title elementor-size-default\">Har du behov for h\u00e5ndtering av forurenset grunn?<\/h2>\t\t\t\t<\/div>\n\t\t\t\t<div class=\"elementor-element elementor-element-27f18c32 elementor-widget elementor-widget-text-editor\" data-id=\"27f18c32\" data-element_type=\"widget\" data-widget_type=\"text-editor.default\">\n\t\t\t\t\t\t\t\t\t<p>La oss h\u00e5ndtere dine forurensede grunnmasser.<\/p>\t\t\t\t\t\t\t\t<\/div>\n\t\t\t\t<div class=\"elementor-element elementor-element-729a81b0 elementor-widget-divider--view-line elementor-widget elementor-widget-divider\" data-id=\"729a81b0\" data-element_type=\"widget\" data-widget_type=\"divider.default\">\n\t\t\t\t\t\t\t<div class=\"elementor-divider\">\n\t\t\t<span class=\"elementor-divider-separator\">\n\t\t\t\t\t\t<\/span>\n\t\t<\/div>\n\t\t\t\t\t\t<\/div>\n\t\t\t\t\t<\/div>\n\t\t<\/div>\n\t\t\t\t\t<\/div>\n\t\t<\/section>\n\t\t\t\t<section class=\"elementor-section elementor-top-section elementor-element elementor-element-508ae4 elementor-section-stretched elementor-section-boxed elementor-section-height-default elementor-section-height-default\" data-id=\"508ae4\" data-element_type=\"section\" data-settings=\"{&quot;stretch_section&quot;:&quot;section-stretched&quot;,&quot;background_background&quot;:&quot;classic&quot;}\">\n\t\t\t\t\t\t<div class=\"elementor-container elementor-column-gap-default\">\n\t\t\t\t\t<div class=\"elementor-column elementor-col-50 elementor-top-column elementor-element elementor-element-2cee960\" data-id=\"2cee960\" data-element_type=\"column\">\n\t\t\t<div class=\"elementor-widget-wrap elementor-element-populated\">\n\t\t\t\t\t\t<div class=\"elementor-element elementor-element-1e5c831f elementor-widget elementor-widget-heading\" data-id=\"1e5c831f\" data-element_type=\"widget\" data-widget_type=\"heading.default\">\n\t\t\t\t\t<h3 class=\"elementor-heading-title elementor-size-default\">Vi tar oss av dine forurensede grunnmasser<\/h3>\t\t\t\t<\/div>\n\t\t\t\t<div class=\"elementor-element elementor-element-2aef9b9f elementor-widget elementor-widget-text-editor\" data-id=\"2aef9b9f\" data-element_type=\"widget\" data-widget_type=\"text-editor.default\">\n\t\t\t\t\t\t\t\t\t<p>Forurensede grunnomr\u00e5der kan f\u00f8re til en stor belastning for n\u00e6rmilj\u00f8et og milj\u00f8et ellers. Disse grunnmassene m\u00e5 behandles p\u00e5 riktig m\u00e5te og behandles i henhold til forurensningsloven.&nbsp;<\/p>\n<p>Vi utf\u00f8rer opprydning av forurenset grunn p\u00e5 bakgrunn av tiltaksrapporter. Sammen med v\u00e5r samarbeidspartner utf\u00f8rer vi grunnunders\u00f8kelser og pr\u00f8vetaking slik at vi kan utarbeide plan for hvordan ditt problem kan l\u00f8ses.&nbsp;<\/p><p>Her m\u00e5 man ha en tiltaksplan og f\u00f8lge opp i tr\u00e5d med gjeldende regelverk.<\/p>\n<p>Kontakt oss i dag om du har behov for h\u00e5ndtering av forurenset grunn.<\/p>\t\t\t\t\t\t\t\t<\/div>\n\t\t\t\t<div class=\"elementor-element elementor-element-1f3234d elementor-mobile-align-center elementor-widget elementor-widget-button\" data-id=\"1f3234d\" data-element_type=\"widget\" data-widget_type=\"button.default\">\n\t\t\t\t\t\t\t\t\t\t<a class=\"elementor-button elementor-button-link elementor-size-sm\" href=\"\/kontakt-oss\">\n\t\t\t\t\t\t<span class=\"elementor-button-content-wrapper\">\n\t\t\t\t\t\t\t\t\t<span class=\"elementor-button-text\">Kontakt oss<\/span>\n\t\t\t\t\t<\/span>\n\t\t\t\t\t<\/a>\n\t\t\t\t\t\t\t\t<\/div>\n\t\t\t\t\t<\/div>\n\t\t<\/div>\n\t\t\t\t<div class=\"elementor-column elementor-col-50 elementor-top-column elementor-element elementor-element-71660cc3\" data-id=\"71660cc3\" data-element_type=\"column\" data-settings=\"{&quot;background_background&quot;:&quot;classic&quot;}\">\n\t\t\t<div class=\"elementor-widget-wrap elementor-element-populated\">\n\t\t\t\t\t\t<div class=\"elementor-element elementor-element-50c24873 elementor-widget elementor-widget-spacer\" data-id=\"50c24873\" data-element_type=\"widget\" data-widget_type=\"spacer.default\">\n\t\t\t\t\t\t\t<div class=\"elementor-spacer\">\n\t\t\t<div class=\"elementor-spacer-inner\"><\/div>\n\t\t<\/div>\n\t\t\t\t\t\t<\/div>\n\t\t\t\t\t<\/div>\n\t\t<\/div>\n\t\t\t\t\t<\/div>\n\t\t<\/section>\n\t\t\t\t<\/div>\n\t\t","protected":false},"excerpt":{"rendered":"<p>V\u00e5re Tjenester Forurenset grunn Har du behov for h\u00e5ndtering av forurenset grunn? La oss h\u00e5ndtere dine forurensede grunnmasser. Vi tar oss av dine forurensede grunnmasser Forurensede grunnomr\u00e5der kan f\u00f8re til en stor belastning for n\u00e6rmilj\u00f8et og milj\u00f8et ellers. Disse grunnmassene m\u00e5 behandles p\u00e5 riktig m\u00e5te og behandles i henhold til forurensningsloven.&nbsp; Vi utf\u00f8rer opprydning av [&hellip;]<\/p>\n","protected":false},"author":1,"featured_media":0,"parent":0,"menu_order":0,"comment_status":"closed","ping_status":"closed","template":"","meta":{"footnotes":""},"class_list":["post-90","page","type-page","status-publish","hentry"],"yoast_head":"<!-- This site is optimized with the Yoast SEO plugin v26.7 - https:\/\/yoast.com\/wordpress\/plugins\/seo\/ -->\n<title>H\u00e5ndtering av forurenset grunn - H2 Orka<\/title>\n<meta name=\"robots\" content=\"index, follow, max-snippet:-1, max-image-preview:large, max-video-preview:-1\" \/>\n<link rel=\"canonical\" href=\"https:\/\/cranky-mendeleev.217-170-194-30.plesk.page\/index.php\/handtering-av-forurenset-grunn\/\" \/>\n<meta property=\"og:locale\" content=\"nb_NO\" \/>\n<meta property=\"og:type\" content=\"article\" \/>\n<meta property=\"og:title\" content=\"H\u00e5ndtering av forurenset grunn - H2 Orka\" \/>\n<meta property=\"og:description\" content=\"V\u00e5re Tjenester Forurenset grunn Har du behov for h\u00e5ndtering av forurenset grunn? La oss h\u00e5ndtere dine forurensede grunnmasser. Vi tar oss av dine forurensede grunnmasser Forurensede grunnomr\u00e5der kan f\u00f8re til en stor belastning for n\u00e6rmilj\u00f8et og milj\u00f8et ellers. Disse grunnmassene m\u00e5 behandles p\u00e5 riktig m\u00e5te og behandles i henhold til forurensningsloven.&nbsp; Vi utf\u00f8rer opprydning av [&hellip;]\" \/>\n<meta property=\"og:url\" content=\"https:\/\/cranky-mendeleev.217-170-194-30.plesk.page\/index.php\/handtering-av-forurenset-grunn\/\" \/>\n<meta property=\"og:site_name\" content=\"H2 Orka\" \/>\n<meta property=\"article:modified_time\" content=\"2026-01-13T11:21:53+00:00\" \/>\n<meta name=\"twitter:card\" content=\"summary_large_image\" \/>\n<meta name=\"twitter:label1\" content=\"Ansl. lesetid\" \/>\n\t<meta name=\"twitter:data1\" content=\"1 minutt\" \/>\n<script type=\"application\/ld+json\" class=\"yoast-schema-graph\">{\"@context\":\"https:\/\/schema.org\",\"@graph\":[{\"@type\":\"WebPage\",\"@id\":\"https:\/\/cranky-mendeleev.217-170-194-30.plesk.page\/index.php\/handtering-av-forurenset-grunn\/\",\"url\":\"https:\/\/cranky-mendeleev.217-170-194-30.plesk.page\/index.php\/handtering-av-forurenset-grunn\/\",\"name\":\"H\u00e5ndtering av forurenset grunn - H2 Orka\",\"isPartOf\":{\"@id\":\"https:\/\/cranky-mendeleev.217-170-194-30.plesk.page\/#website\"},\"datePublished\":\"2026-01-13T11:21:33+00:00\",\"dateModified\":\"2026-01-13T11:21:53+00:00\",\"breadcrumb\":{\"@id\":\"https:\/\/cranky-mendeleev.217-170-194-30.plesk.page\/index.php\/handtering-av-forurenset-grunn\/#breadcrumb\"},\"inLanguage\":\"nb-NO\",\"potentialAction\":[{\"@type\":\"ReadAction\",\"target\":[\"https:\/\/cranky-mendeleev.217-170-194-30.plesk.page\/index.php\/handtering-av-forurenset-grunn\/\"]}]},{\"@type\":\"BreadcrumbList\",\"@id\":\"https:\/\/cranky-mendeleev.217-170-194-30.plesk.page\/index.php\/handtering-av-forurenset-grunn\/#breadcrumb\",\"itemListElement\":[{\"@type\":\"ListItem\",\"position\":1,\"name\":\"Hjem\",\"item\":\"https:\/\/cranky-mendeleev.217-170-194-30.plesk.page\/\"},{\"@type\":\"ListItem\",\"position\":2,\"name\":\"H\u00e5ndtering av forurenset grunn\"}]},{\"@type\":\"WebSite\",\"@id\":\"https:\/\/cranky-mendeleev.217-170-194-30.plesk.page\/#website\",\"url\":\"https:\/\/cranky-mendeleev.217-170-194-30.plesk.page\/\",\"name\":\"H2 Orka\",\"description\":\"\",\"potentialAction\":[{\"@type\":\"SearchAction\",\"target\":{\"@type\":\"EntryPoint\",\"urlTemplate\":\"https:\/\/cranky-mendeleev.217-170-194-30.plesk.page\/?s={search_term_string}\"},\"query-input\":{\"@type\":\"PropertyValueSpecification\",\"valueRequired\":true,\"valueName\":\"search_term_string\"}}],\"inLanguage\":\"nb-NO\"}]}<\/script>\n<!-- \/ Yoast SEO plugin. -->","yoast_head_json":{"title":"H\u00e5ndtering av forurenset grunn - H2 Orka","robots":{"index":"index","follow":"follow","max-snippet":"max-snippet:-1","max-image-preview":"max-image-preview:large","max-video-preview":"max-video-preview:-1"},"canonical":"https:\/\/cranky-mendeleev.217-170-194-30.plesk.page\/index.php\/handtering-av-forurenset-grunn\/","og_locale":"nb_NO","og_type":"article","og_title":"H\u00e5ndtering av forurenset grunn - H2 Orka","og_description":"V\u00e5re Tjenester Forurenset grunn Har du behov for h\u00e5ndtering av forurenset grunn? La oss h\u00e5ndtere dine forurensede grunnmasser. Vi tar oss av dine forurensede grunnmasser Forurensede grunnomr\u00e5der kan f\u00f8re til en stor belastning for n\u00e6rmilj\u00f8et og milj\u00f8et ellers. Disse grunnmassene m\u00e5 behandles p\u00e5 riktig m\u00e5te og behandles i henhold til forurensningsloven.&nbsp; Vi utf\u00f8rer opprydning av [&hellip;]","og_url":"https:\/\/cranky-mendeleev.217-170-194-30.plesk.page\/index.php\/handtering-av-forurenset-grunn\/","og_site_name":"H2 Orka","article_modified_time":"2026-01-13T11:21:53+00:00","twitter_card":"summary_large_image","twitter_misc":{"Ansl. lesetid":"1 minutt"},"schema":{"@context":"https:\/\/schema.org","@graph":[{"@type":"WebPage","@id":"https:\/\/cranky-mendeleev.217-170-194-30.plesk.page\/index.php\/handtering-av-forurenset-grunn\/","url":"https:\/\/cranky-mendeleev.217-170-194-30.plesk.page\/index.php\/handtering-av-forurenset-grunn\/","name":"H\u00e5ndtering av forurenset grunn - H2 Orka","isPartOf":{"@id":"https:\/\/cranky-mendeleev.217-170-194-30.plesk.page\/#website"},"datePublished":"2026-01-13T11:21:33+00:00","dateModified":"2026-01-13T11:21:53+00:00","breadcrumb":{"@id":"https:\/\/cranky-mendeleev.217-170-194-30.plesk.page\/index.php\/handtering-av-forurenset-grunn\/#breadcrumb"},"inLanguage":"nb-NO","potentialAction":[{"@type":"ReadAction","target":["https:\/\/cranky-mendeleev.217-170-194-30.plesk.page\/index.php\/handtering-av-forurenset-grunn\/"]}]},{"@type":"BreadcrumbList","@id":"https:\/\/cranky-mendeleev.217-170-194-30.plesk.page\/index.php\/handtering-av-forurenset-grunn\/#breadcrumb","itemListElement":[{"@type":"ListItem","position":1,"name":"Hjem","item":"https:\/\/cranky-mendeleev.217-170-194-30.plesk.page\/"},{"@type":"ListItem","position":2,"name":"H\u00e5ndtering av forurenset grunn"}]},{"@type":"WebSite","@id":"https:\/\/cranky-mendeleev.217-170-194-30.plesk.page\/#website","url":"https:\/\/cranky-mendeleev.217-170-194-30.plesk.page\/","name":"H2 Orka","description":"","potentialAction":[{"@type":"SearchAction","target":{"@type":"EntryPoint","urlTemplate":"https:\/\/cranky-mendeleev.217-170-194-30.plesk.page\/?s={search_term_string}"},"query-input":{"@type":"PropertyValueSpecification","valueRequired":true,"valueName":"search_term_string"}}],"inLanguage":"nb-NO"}]}},"_links":{"self":[{"href":"https:\/\/cranky-mendeleev.217-170-194-30.plesk.page\/index.php\/wp-json\/wp\/v2\/pages\/90","targetHints":{"allow":["GET"]}}],"collection":[{"href":"https:\/\/cranky-mendeleev.217-170-194-30.plesk.page\/index.php\/wp-json\/wp\/v2\/pages"}],"about":[{"href":"https:\/\/cranky-mendeleev.217-170-194-30.plesk.page\/index.php\/wp-json\/wp\/v2\/types\/page"}],"author":[{"embeddable":true,"href":"https:\/\/cranky-mendeleev.217-170-194-30.plesk.page\/index.php\/wp-json\/wp\/v2\/users\/1"}],"replies":[{"embeddable":true,"href":"https:\/\/cranky-mendeleev.217-170-194-30.plesk.page\/index.php\/wp-json\/wp\/v2\/comments?post=90"}],"version-history":[{"count":4,"href":"https:\/\/cranky-mendeleev.217-170-194-30.plesk.page\/index.php\/wp-json\/wp\/v2\/pages\/90\/revisions"}],"predecessor-version":[{"id":189,"href":"https:\/\/cranky-mendeleev.217-170-194-30.plesk.page\/index.php\/wp-json\/wp\/v2\/pages\/90\/revisions\/189"}],"wp:attachment":[{"href":"https:\/\/cranky-mendeleev.217-170-194-30.plesk.page\/index.php\/wp-json\/wp\/v2\/media?parent=90"}],"curies":[{"name":"wp","href":"https:\/\/api.w.org\/{rel}","templated":true}]}}